{"id":13,"date":"2023-03-13T16:17:24","date_gmt":"2023-03-13T15:17:24","guid":{"rendered":"https:\/\/lavetonia.com\/?page_id=13"},"modified":"2025-11-05T12:55:52","modified_gmt":"2025-11-05T11:55:52","slug":"politica-privacidad","status":"publish","type":"page","link":"https:\/\/lavetonia.com\/en\/politica-privacidad\/","title":{"rendered":"Privacy policy"},"content":{"rendered":"<div class=\"gb-container gb-container-513b6ddc alignfull\">\n<div class=\"gb-container gb-container-483035af\">\n\n<h1 class=\"gb-headline gb-headline-c8f4ebaf gb-headline-text\">Pol\u00edticia de privacidad<\/h1>\n\n\n\n<p>De conformidad con lo establecido en la Ley Org\u00e1nica 3\/2018, de 5 de diciembre (LOPDGDD), y el Reglamento (UE) 2016\/679 del Parlamento Europeo y del Consejo, de 27 de abril de 2016 (RGPD), LOURDES PE\u00d1A PABLOS, correo electr\u00f3nico: hola@lavetonia.com, en calidad de RESPONSABLE DEL TRATAMIENTO,<\/p>\n\n\n\n<p>Inform<\/p>\n\n\n\n<p>That the personal data collected through the forms on the Website: www.lavetonia.com , are included in the specific automated files of users of the services of LOURDES PE\u00d1A PABLOS.<br>The collection and automated processing of personal data is aimed at maintaining the business relationship and the performance of tasks of information, training, advice and other activities of LOURDES PE\u00d1A PABLOS.<\/p>\n\n\n\n<p>These data will only be transferred to those entities that are necessary for the sole purpose of complying with the above purpose.<\/p>\n\n\n\n<p>LOURDES PE\u00d1A PABLOS adopts, the necessary measures to ensure the security, integrity and confidentiality of the data in accordance with the provisions of Regulation (EU) 2016\/679 of the European Parliament and of the Council of 27 April 2016.<\/p>\n\n\n\n<p>The user may at any time exercise the rights of access, rectification, cancellation, limitation, opposition and portability recognized in the aforementioned Regulation (EU).<\/p>\n\n\n\n<p>El ejercicio de estos derechos podr\u00e1 realizarlo el propio usuario mediante correo electr\u00f3nico a: hola@lavetonia.com<\/p>\n\n\n\n<p>The user declares that all the data provided by him\/her are true and correct, and undertakes to keep them updated, communicating any changes to LOURDES PE\u00d1A PABLOS.<\/p>\n\n\n\n<p>Purpose of personal data processing<\/p>\n\n\n\n<p>For what purposes will we process your personal data?<\/p>\n\n\n\n<p>In LOURDES PE\u00d1A PABLOS, we will treat your personal data collected through the Web Site: www.lavetonia.com, with the following purposes:<\/p>\n\n\n\n<ol class=\"wp-block-list\">\n<li>1.1.\tIn case of contracting the goods and services offered through the web, to maintain the contractual relationship, as well as the management, administration, information, provision and improvement of the service.<\/li>\n\n\n\n<li>2.\tSending information requested through the forms provided on the web.<\/li>\n\n\n\n<li>3.\tTo send newsletters, as well as commercial communications of promotions and\/or advertising of LOURDES PE\u00d1A PABLOS and the sector.<\/li>\n<\/ol>\n\n\n\n<p>We remind you that you can oppose the sending of commercial communications by any means and at any time, by sending an email to the address indicated above.<\/p>\n\n\n\n<p>The fields of these records are mandatory, being impossible to perform the purposes expressed if these data are not provided.<\/p>\n\n\n\n<p>How long will the personal data collected be kept?<br><br><\/p>\n\n\n\n<p>The personal data provided will be kept as long as the business relationship is maintained or you do not request its deletion and during the period for which legal responsibilities may arise for the services provided.<\/p>\n\n\n\n<p>Legitimaci\u00f3n<\/p>\n\n\n\n<p>The processing of your data is carried out with the following legal bases that legitimize it:<\/p>\n\n\n\n<ol class=\"wp-block-list\">\n<li>1.\tThe request for information and\/or the contracting of the services of LOURDES PE\u00d1A PABLOS, whose terms and conditions will be made available to you in any case, prior to any eventual contracting.<\/li>\n<\/ol>\n\n\n\n<ol class=\"wp-block-list\">\n<li>1.\tFree, specific, informed and unequivocal consent, insofar as we inform you by making this privacy policy available to you, which after reading it, if you agree, you can accept by means of a statement or a clear affirmative action, such as checking a box provided for this purpose.<\/li>\n<\/ol>\n\n\n\n<p>In the event that you do not provide us with your data or you do so in an erroneous or incomplete manner, we will not be able to attend to your request, making it impossible to provide you with the requested information or to carry out the contracting of the services.<\/p>\n\n\n\n<p>Addressees<\/p>\n\n\n\n<p>The data will not be communicated to any third party outside LOURDES PE\u00d1A PABLOS, unless legally required.<\/p>\n\n\n\n<p>In cases where the user includes files with personal data on shared hosting servers, LOURDES PE\u00d1A PABLOS, is not responsible for non-compliance by the user of the RGPD.<\/p>\n\n\n\n<p>Exercising Your Rights<\/p>\n\n\n\n<p>El usuario podr\u00e1 en cualquier momento ejercitar los derechos de acceso, rectificaci\u00f3n, cancelaci\u00f3n, limitaci\u00f3n, oposici\u00f3n y portabilidad de forma gratuita dirigi\u00e9ndose a: LOURDES PE\u00d1A PABLOS, hola@lavetonia.com<\/p>\n\n\n\n<p>Data retention in compliance with the LSSI<br><br><\/p>\n\n\n\n<p>LOURDES PE\u00d1A PABLOS, informs that, as a data hosting service provider and under the provisions of Law 34\/2002 of July 11, 2002 on Services of the Information Society and Electronic Commerce (LSSI), retains for a maximum period of 12 months the information necessary to identify the origin of the hosted data and the time at which the service was initiated. The retention of this data does not affect the secrecy of communications and may only be used in the context of a criminal investigation or to safeguard public safety, being made available to judges and\/or courts or the Ministry that so requires.<\/p>\n\n\n\n<p>The communication of data to the Forces and Corps of the State will be made in accordance with the provisions of the regulations on personal data protection.<\/p>\n\n\n\n<p>Intellectual property rights<br><br><\/p>\n\n\n\n<p>LOURDES PE\u00d1A PABLOS is the owner of all copyrights, intellectual and industrial property rights, know-how and any other rights related to the contents of the website www.lavetonia.com, and the services offered therein, as well as the programmes necessary for its implementation and related information.<\/p>\n\n\n\n<p>The reproduction, publication and\/or any other than strictly private use of the contents, in whole or in part, of the www.lavetonia.com website is not permitted without prior written consent.<\/p>\n\n\n\n<p>Intellectual property of software<br><br><\/p>\n\n\n\n<p>The user must respect third party programmes made available by LOURDES PE\u00d1A PABLOS, even if they are free and\/or publicly available.<\/p>\n\n\n\n<p>LOURDES PE\u00d1A PABLOS has the necessary exploitation and intellectual property rights of the software.<\/p>\n\n\n\n<p>The user does not acquire any rights or licences for the contracted service, for the software necessary for the provision of the service, nor for the technical information for monitoring the service, with the exception of the rights and licences necessary for the fulfilment of the contracted services and only for the duration of the contracted services.<\/p>\n\n\n\n<p>For any action that exceeds the fulfilment of the contract, the user will need written authorisation from LOURDES PE\u00d1A PABLOS, and the user is forbidden to access, modify, view the configuration, structure and files of the servers owned by LOURDES PE\u00d1A PABLOS, assuming the civil and criminal liability derived from any incident that may occur in the servers and security systems as a direct consequence of negligent or malicious action on their part.<\/p>\n\n\n\n<p>Intellectual property of the content hosted<br><br><\/p>\n\n\n\n<p>The use contrary to the legislation on intellectual property of the services provided by LOURDES PE\u00d1A PABLOS and, in particular, of:<\/p>\n\n\n\n<ul class=\"wp-block-list\">\n<li>Use that is contrary to Spanish law or infringes the rights of third parties.<\/li>\n\n\n\n<li>The publication or transmission of any content which, in the opinion of LOURDES PE\u00d1A PABLOS, is violent, obscene, abusive, illegal, racial, xenophobic or defamatory.<\/li>\n\n\n\n<li>Cracks, software serial numbers or any other content that infringes third party intellectual property rights.<\/li>\n\n\n\n<li>The collection and\/or use of personal data of other users without their express consent or in contravention of the provisions of Regulation (EU) 2016\/679 of the European Parliament and of the Council of 27 April 2016.<\/li>\n\n\n\n<li>The use of the mail server and domain email addresses to send unsolicited bulk email.<\/li>\n<\/ul>\n\n\n\n<p>The user bears full responsibility for the content of his website, transmitted and stored information, hypertext links, third party claims and legal actions with reference to intellectual property, third party rights and protection of minors.<\/p>\n\n\n\n<p>The user is responsible for compliance with the applicable laws and regulations and rules concerning the operation of the online service, e-commerce, copyright, maintenance of public order, as well as universal principles of Internet use.<\/p>\n\n\n\n<p>The user shall indemnify LOURDES PE\u00d1A PABLOS for the costs incurred by LOURDES PE\u00d1A PABLOS in any case for which the user is responsible, including legal fees and expenses, even in the event of a non-final court decision.<\/p>\n\n\n\n<p>Protection of hosted information<br><br><\/p>\n\n\n\n<p>LOURDES PE\u00d1A PABLOS makes backup copies of the contents hosted on its servers, however, it is not responsible for the loss or accidental deletion of data by users.<\/p>\n\n\n\n<p>Furthermore, it does not guarantee the full restoration of data deleted by users, as such data may have been deleted and\/or modified during the period of time since the last backup.<\/p>\n\n\n\n<p>The services offered, except for specific backup services, do not include the replacement of the contents kept in the backup copies made by LOURDES PE\u00d1A PABLOS, when this loss is attributable to the user; in this case, a fee will be determined according to the complexity and volume of the recovery, always with the prior acceptance of the user.<\/p>\n\n\n\n<p>The replacement of deleted data is only included in the price of the service when the loss of the content is due to causes attributable to LOURDES PE\u00d1A PABLOS.<\/p>\n\n\n\n<p>Commercial communications<\/p>\n\n\n\n<p>In application of the LSSI, LOURDES PE\u00d1A PABLOS will not send advertising or promotional communications by e-mail or any other equivalent means of electronic communication that have not been previously requested or expressly authorised by the recipients of the same.<\/p>\n\n\n\n<p>In the case of users with whom there is a previous contractual relationship, LOURDES PE\u00d1A PABLOS is authorised to send commercial communications referring to LOURDES PE\u00d1A PABLOS products or services that are similar to those that were initially contracted by the client.<\/p>\n\n\n\n<p><br>In any case, the user, after proving his\/her identity, may request not to receive any more commercial information through the Customer Service channels.<\/p>\n\n\n\n<p><\/p>\n\n<\/div>\n<\/div>","protected":false},"excerpt":{"rendered":"<p>Pol\u00edticia de privacidad De conformidad con lo establecido en la Ley Org\u00e1nica 3\/2018, de 5 de diciembre (LOPDGDD), y el Reglamento (UE) 2016\/679 del Parlamento Europeo y del Consejo, de 27 de abril de 2016 (RGPD), LOURDES PE\u00d1A PABLOS, correo electr\u00f3nico: hola@lavetonia.com, en calidad de RESPONSABLE DEL TRATAMIENTO, Informa Que los datos personales que se &#8230; <a title=\"Privacy policy\" class=\"read-more\" href=\"https:\/\/lavetonia.com\/en\/politica-privacidad\/\" aria-label=\"Read more about Pol\u00edtica de privacidad\">Read more<\/a><\/p>","protected":false},"author":1,"featured_media":0,"parent":0,"menu_order":0,"comment_status":"closed","ping_status":"closed","template":"","meta":{"_acf_changed":false,"inline_featured_image":false,"footnotes":""},"class_list":["post-13","page","type-page","status-publish"],"acf":[],"yoast_head":"<!-- This site is optimized with the Yoast SEO Premium plugin v22.8 (Yoast SEO v27.4) - https:\/\/yoast.com\/product\/yoast-seo-premium-wordpress\/ -->\n<title>Pol\u00edtica de privacidad - Lavetonia<\/title>\n<meta name=\"robots\" content=\"noindex, follow\" \/>\n<meta property=\"og:locale\" content=\"en_GB\" \/>\n<meta property=\"og:type\" content=\"article\" \/>\n<meta property=\"og:title\" content=\"Pol\u00edtica de privacidad\" \/>\n<meta property=\"og:description\" content=\"Pol\u00edticia de privacidad De conformidad con lo establecido en la Ley Org\u00e1nica 3\/2018, de 5 de diciembre (LOPDGDD), y el Reglamento (UE) 2016\/679 del Parlamento Europeo y del Consejo, de 27 de abril de 2016 (RGPD), LOURDES PE\u00d1A PABLOS, correo electr\u00f3nico: hola@lavetonia.com, en calidad de RESPONSABLE DEL TRATAMIENTO, Informa Que los datos personales que se ... Read more\" \/>\n<meta property=\"og:url\" content=\"https:\/\/lavetonia.com\/en\/politica-privacidad\/\" \/>\n<meta property=\"og:site_name\" content=\"Lavetonia\" \/>\n<meta property=\"article:modified_time\" content=\"2025-11-05T11:55:52+00:00\" \/>\n<meta name=\"twitter:card\" content=\"summary_large_image\" \/>\n<meta name=\"twitter:label1\" content=\"Estimated reading time\" \/>\n\t<meta name=\"twitter:data1\" content=\"8 minutes\" \/>\n<script type=\"application\/ld+json\" class=\"yoast-schema-graph\">{\"@context\":\"https:\\\/\\\/schema.org\",\"@graph\":[{\"@type\":\"WebPage\",\"@id\":\"https:\\\/\\\/lavetonia.com\\\/politica-privacidad\\\/\",\"url\":\"https:\\\/\\\/lavetonia.com\\\/politica-privacidad\\\/\",\"name\":\"Pol\u00edtica de privacidad - Lavetonia\",\"isPartOf\":{\"@id\":\"https:\\\/\\\/aliceblue-mule-324162.hostingersite.com\\\/#website\"},\"datePublished\":\"2023-03-13T15:17:24+00:00\",\"dateModified\":\"2025-11-05T11:55:52+00:00\",\"breadcrumb\":{\"@id\":\"https:\\\/\\\/lavetonia.com\\\/politica-privacidad\\\/#breadcrumb\"},\"inLanguage\":\"en-GB\",\"potentialAction\":[{\"@type\":\"ReadAction\",\"target\":[\"https:\\\/\\\/lavetonia.com\\\/politica-privacidad\\\/\"]}]},{\"@type\":\"BreadcrumbList\",\"@id\":\"https:\\\/\\\/lavetonia.com\\\/politica-privacidad\\\/#breadcrumb\",\"itemListElement\":[{\"@type\":\"ListItem\",\"position\":1,\"name\":\"Portada\",\"item\":\"https:\\\/\\\/aliceblue-mule-324162.hostingersite.com\\\/\"},{\"@type\":\"ListItem\",\"position\":2,\"name\":\"Pol\u00edtica de privacidad\"}]},{\"@type\":\"WebSite\",\"@id\":\"https:\\\/\\\/aliceblue-mule-324162.hostingersite.com\\\/#website\",\"url\":\"https:\\\/\\\/aliceblue-mule-324162.hostingersite.com\\\/\",\"name\":\"Lavetonia\",\"description\":\"\",\"publisher\":{\"@id\":\"https:\\\/\\\/aliceblue-mule-324162.hostingersite.com\\\/#organization\"},\"potentialAction\":[{\"@type\":\"SearchAction\",\"target\":{\"@type\":\"EntryPoint\",\"urlTemplate\":\"https:\\\/\\\/aliceblue-mule-324162.hostingersite.com\\\/?s={search_term_string}\"},\"query-input\":{\"@type\":\"PropertyValueSpecification\",\"valueRequired\":true,\"valueName\":\"search_term_string\"}}],\"inLanguage\":\"en-GB\"},{\"@type\":\"Organization\",\"@id\":\"https:\\\/\\\/aliceblue-mule-324162.hostingersite.com\\\/#organization\",\"name\":\"Lavetonia\",\"url\":\"https:\\\/\\\/aliceblue-mule-324162.hostingersite.com\\\/\",\"logo\":{\"@type\":\"ImageObject\",\"inLanguage\":\"en-GB\",\"@id\":\"https:\\\/\\\/aliceblue-mule-324162.hostingersite.com\\\/#\\\/schema\\\/logo\\\/image\\\/\",\"url\":\"https:\\\/\\\/lavetonia.com\\\/wp-content\\\/uploads\\\/2024\\\/09\\\/lavetonia-retinax.png\",\"contentUrl\":\"https:\\\/\\\/lavetonia.com\\\/wp-content\\\/uploads\\\/2024\\\/09\\\/lavetonia-retinax.png\",\"width\":340,\"height\":140,\"caption\":\"Lavetonia\"},\"image\":{\"@id\":\"https:\\\/\\\/aliceblue-mule-324162.hostingersite.com\\\/#\\\/schema\\\/logo\\\/image\\\/\"}}]}<\/script>\n<!-- \/ Yoast SEO Premium plugin. -->","yoast_head_json":{"title":"Pol\u00edtica de privacidad - Lavetonia","robots":{"index":"noindex","follow":"follow"},"og_locale":"en_GB","og_type":"article","og_title":"Pol\u00edtica de privacidad","og_description":"Pol\u00edticia de privacidad De conformidad con lo establecido en la Ley Org\u00e1nica 3\/2018, de 5 de diciembre (LOPDGDD), y el Reglamento (UE) 2016\/679 del Parlamento Europeo y del Consejo, de 27 de abril de 2016 (RGPD), LOURDES PE\u00d1A PABLOS, correo electr\u00f3nico: hola@lavetonia.com, en calidad de RESPONSABLE DEL TRATAMIENTO, Informa Que los datos personales que se ... Read more","og_url":"https:\/\/lavetonia.com\/en\/politica-privacidad\/","og_site_name":"Lavetonia","article_modified_time":"2025-11-05T11:55:52+00:00","twitter_card":"summary_large_image","twitter_misc":{"Estimated reading time":"8 minutes"},"schema":{"@context":"https:\/\/schema.org","@graph":[{"@type":"WebPage","@id":"https:\/\/lavetonia.com\/politica-privacidad\/","url":"https:\/\/lavetonia.com\/politica-privacidad\/","name":"Pol\u00edtica de privacidad - Lavetonia","isPartOf":{"@id":"https:\/\/aliceblue-mule-324162.hostingersite.com\/#website"},"datePublished":"2023-03-13T15:17:24+00:00","dateModified":"2025-11-05T11:55:52+00:00","breadcrumb":{"@id":"https:\/\/lavetonia.com\/politica-privacidad\/#breadcrumb"},"inLanguage":"en-GB","potentialAction":[{"@type":"ReadAction","target":["https:\/\/lavetonia.com\/politica-privacidad\/"]}]},{"@type":"BreadcrumbList","@id":"https:\/\/lavetonia.com\/politica-privacidad\/#breadcrumb","itemListElement":[{"@type":"ListItem","position":1,"name":"Portada","item":"https:\/\/aliceblue-mule-324162.hostingersite.com\/"},{"@type":"ListItem","position":2,"name":"Pol\u00edtica de privacidad"}]},{"@type":"WebSite","@id":"https:\/\/aliceblue-mule-324162.hostingersite.com\/#website","url":"https:\/\/aliceblue-mule-324162.hostingersite.com\/","name":"Lavetonia","description":"","publisher":{"@id":"https:\/\/aliceblue-mule-324162.hostingersite.com\/#organization"},"potentialAction":[{"@type":"SearchAction","target":{"@type":"EntryPoint","urlTemplate":"https:\/\/aliceblue-mule-324162.hostingersite.com\/?s={search_term_string}"},"query-input":{"@type":"PropertyValueSpecification","valueRequired":true,"valueName":"search_term_string"}}],"inLanguage":"en-GB"},{"@type":"Organization","@id":"https:\/\/aliceblue-mule-324162.hostingersite.com\/#organization","name":"Lavetonia","url":"https:\/\/aliceblue-mule-324162.hostingersite.com\/","logo":{"@type":"ImageObject","inLanguage":"en-GB","@id":"https:\/\/aliceblue-mule-324162.hostingersite.com\/#\/schema\/logo\/image\/","url":"https:\/\/lavetonia.com\/wp-content\/uploads\/2024\/09\/lavetonia-retinax.png","contentUrl":"https:\/\/lavetonia.com\/wp-content\/uploads\/2024\/09\/lavetonia-retinax.png","width":340,"height":140,"caption":"Lavetonia"},"image":{"@id":"https:\/\/aliceblue-mule-324162.hostingersite.com\/#\/schema\/logo\/image\/"}}]}},"_links":{"self":[{"href":"https:\/\/lavetonia.com\/en\/wp-json\/wp\/v2\/pages\/13","targetHints":{"allow":["GET"]}}],"collection":[{"href":"https:\/\/lavetonia.com\/en\/wp-json\/wp\/v2\/pages"}],"about":[{"href":"https:\/\/lavetonia.com\/en\/wp-json\/wp\/v2\/types\/page"}],"author":[{"embeddable":true,"href":"https:\/\/lavetonia.com\/en\/wp-json\/wp\/v2\/users\/1"}],"replies":[{"embeddable":true,"href":"https:\/\/lavetonia.com\/en\/wp-json\/wp\/v2\/comments?post=13"}],"version-history":[{"count":5,"href":"https:\/\/lavetonia.com\/en\/wp-json\/wp\/v2\/pages\/13\/revisions"}],"predecessor-version":[{"id":1830,"href":"https:\/\/lavetonia.com\/en\/wp-json\/wp\/v2\/pages\/13\/revisions\/1830"}],"wp:attachment":[{"href":"https:\/\/lavetonia.com\/en\/wp-json\/wp\/v2\/media?parent=13"}],"curies":[{"name":"wp","href":"https:\/\/api.w.org\/{rel}","templated":true}]}}