{"id":17,"date":"2023-03-13T16:23:30","date_gmt":"2023-03-13T15:23:30","guid":{"rendered":"https:\/\/lavetonia.com\/?page_id=17"},"modified":"2026-03-04T12:52:19","modified_gmt":"2026-03-04T11:52:19","slug":"blog","status":"publish","type":"page","link":"https:\/\/lavetonia.com\/en\/blog\/","title":{"rendered":"Blog"},"content":{"rendered":"<div class=\"centrar-container gb-element-342a0ce9\">\n<div class=\"wp-block-ab-animate\" data-scroll-class=\"fadeInDown\">\n<h1 class=\"gb-text gb-text-a28f041a\">Blog<\/h1>\n\n\n\n<p class=\"gb-text gb-text-f0e29210\">Vino, maridajes y planes en Salamanca contados desde dentro.<\/p>\n<\/div>\n<\/div>\n\n\n\n<div class=\"centrar-container gb-element-38f0ec7d\"><ul class=\"wp-block-categories-list listado-categorias wp-block-categories\">\t<li class=\"cat-item cat-item-40\"><a href=\"https:\/\/lavetonia.com\/en\/categoria\/catas-de-vinos\/\">Catas de vinos<\/a>\n<\/li>\n\t<li class=\"cat-item cat-item-1\"><a href=\"https:\/\/lavetonia.com\/en\/categoria\/personal\/\">Desde el coraz\u00f3n<\/a>\n<\/li>\n\t<li class=\"cat-item cat-item-39\"><a href=\"https:\/\/lavetonia.com\/en\/categoria\/vinos\/\">Vinos de Salamanca<\/a>\n<\/li>\n<\/ul><\/div>\n\n\n\n<div class=\"centrar-container gb-element-5dd01da1\">\n<div><div class=\"gb-looper-f16b2ff6\">\n<a class=\"gb-loop-item gb-loop-item-35d27972 post-3171 post type-post status-publish format-standard hentry category-personal\" href=\"https:\/\/lavetonia.com\/en\/las-mujeres-en-el-vino\/\">\n<h2 class=\"gb-text gb-text-e214ad08\">Las mujeres en el vino<\/h2>\n\n\n\n<p class=\"gb-text gb-text-bb1a9d2a\">8 de March de 2026<\/p>\n\n\n\n<p class=\"gb-text gb-text-fa747760\">\u00abEl lenguaje es un vino en los labios.\u00bb -Virginia Woolf Hace unos meses le\u00ed un art\u00edculo titulado \u00abLos tiempos cambian\u00bb , y pens\u00e9: \u00a1Vaya que s\u00ed! !y que bien! El mundo del vino y la gastronom\u00eda han dado un giro brutal en los \u00faltimos a\u00f1os, y en gran parte gracias a ellas: las mujeres.\u00a0 Desde<\/p>\n<\/a>\n\n<a class=\"gb-loop-item gb-loop-item-35d27972 post-3059 post type-post status-publish format-standard hentry category-catas-de-vinos\" href=\"https:\/\/lavetonia.com\/en\/gildas-vino-y-maridajes-desde-salamanca\/\">\n<h2 class=\"gb-text gb-text-e214ad08\">Gildas, Wine and Pairings from Salamanca<\/h2>\n\n\n\n<p class=\"gb-text gb-text-bb1a9d2a\">10 de February de 2026<\/p>\n\n\n\n<p class=\"gb-text gb-text-fa747760\">Siempre pensando en maridajes. No en un \u201cme apetecen unas gildas con nueces y un vinito porque yo lo valgo\u201d, que tambi\u00e9n. Yo como nueces entre una y otra, para que el sabor se vaya y cada bocado empiece de cero. Me gusta salir a pasear por Salamanca, mi ciudad. Caminar sin prisa, mirar escaparates<\/p>\n<\/a>\n\n<a class=\"gb-loop-item gb-loop-item-35d27972 post-3005 post type-post status-publish format-standard hentry category-catas-de-vinos category-vinos\" href=\"https:\/\/lavetonia.com\/en\/enero-improvisar-y-disfrutar-de-las-mejores-catas-de-vino-en-salamanca\/\">\n<h2 class=\"gb-text gb-text-e214ad08\">January, improvisation, and enjoying the best wine tastings in Salamanca<\/h2>\n\n\n\n<p class=\"gb-text gb-text-bb1a9d2a\">6 de January de 2026<\/p>\n\n\n\n<p class=\"gb-text gb-text-fa747760\">Enero suele ser el mes de los balances, de las listas de prop\u00f3sitos infinitos y de las promesas solemnes.Yo podr\u00eda empezar as\u00ed este blog\u2026pero la verdad es que algo ha cambiado. Este a\u00f1o he decidido improvisar, dejarme fluir y disfrutar del camino.Suena muy cool, muy de moda, s\u00ed.Pero sobre todo es honesto. Lo que de<\/p>\n<\/a>\n\n<a class=\"gb-loop-item gb-loop-item-35d27972 post-2817 post type-post status-publish format-standard hentry category-personal\" href=\"https:\/\/lavetonia.com\/en\/gracias-por-seguir-ahi-aunque-sea-con-un-corazon\/\">\n<h2 class=\"gb-text gb-text-e214ad08\">Thank you for still being there (even if it\u2019s with just a heart).<\/h2>\n\n\n\n<p class=\"gb-text gb-text-bb1a9d2a\">14 de December de 2025<\/p>\n\n\n\n<p class=\"gb-text gb-text-fa747760\">Dicen que emprender es un camino lleno de ilusi\u00f3n\u2026 y tambi\u00e9n de curvas, dudas y momentos en los que piensas: \u201c\u00bfDe verdad merece la pena?\u201d. La verdad es que s\u00ed: merece la pena, pero no porque sea f\u00e1cil \u2014porque no lo es\u2014 sino por la gente que te acompa\u00f1a en el camino. Este a\u00f1o he<\/p>\n<\/a>\n\n<a class=\"gb-loop-item gb-loop-item-35d27972 post-2726 post type-post status-publish format-standard hentry category-personal\" href=\"https:\/\/lavetonia.com\/en\/de-las-catas-de-vino-en-salamanca-a-la-tienda-online-asi-crece-lavetonia\/\">\n<h2 class=\"gb-text gb-text-e214ad08\">From Wine Tastings in Salamanca to the Online Shop: This Is How Lavetonia Grows<\/h2>\n\n\n\n<p class=\"gb-text gb-text-bb1a9d2a\">5 de November de 2025<\/p>\n\n\n\n<p class=\"gb-text gb-text-fa747760\">Cuando lanc\u00e9 Lavetonia, lo hice con una idea clara: compartir el sabor aut\u00e9ntico de Salamanca a trav\u00e9s de experiencias y catas de vino pensadas para disfrutar, aprender y descubrir. Quer\u00eda que los viajeros conocieran la riqueza gastron\u00f3mica de nuestra tierra, sus productos artesanos, sus vinos, sus historias y su gente. Y desde el primer d\u00eda,<\/p>\n<\/a>\n\n<a class=\"gb-loop-item gb-loop-item-35d27972 post-2561 post type-post status-publish format-standard hentry category-catas-de-vinos\" href=\"https:\/\/lavetonia.com\/en\/el-sentido-del-gusto-en-la-cata-de-vinos\/\">\n<h2 class=\"gb-text gb-text-e214ad08\">The Sense of Taste in Wine Tasting<\/h2>\n\n\n\n<p class=\"gb-text gb-text-bb1a9d2a\">14 de October de 2025<\/p>\n\n\n\n<p class=\"gb-text gb-text-fa747760\">Parte 2_ En el blog anterior dejamos pendiente hablar del sentido del gusto y quiero lanzarte una pregunta: \u00bfRealmente conocemos nuestro paladar? A trav\u00e9s de nuestros receptores gustativos somos capaces de apreciar las distintas caracter\u00edsticas de esta bebida fascinante.&nbsp; El gusto nos permite detectar sabores dulces, \u00e1cidos, amargos y salados, y en el caso del<\/p>\n<\/a>\n\n<a class=\"gb-loop-item gb-loop-item-35d27972 post-2494 post type-post status-publish format-standard hentry category-catas-de-vinos\" href=\"https:\/\/lavetonia.com\/en\/un-basico-en-tu-cabeza-la-magia-de-catar-un-vino\/\">\n<h2 class=\"gb-text gb-text-e214ad08\">A Basic to Keep in Mind: The Magic of Wine Tasting<\/h2>\n\n\n\n<p class=\"gb-text gb-text-bb1a9d2a\">26 de September de 2025<\/p>\n\n\n\n<p class=\"gb-text gb-text-fa747760\">Parte 1_ \u00bfQu\u00e9 significa catar un vino? Catar un vino es mucho m\u00e1s que olerlo o darle un sorbo: es un ritual sensorial que activa vista, olfato, gusto, tacto\u2026 \u00a1y hasta el o\u00eddo!Cada copa puede convertirse en un viaje: descubrimiento, recuerdo y emoci\u00f3n. Y si quieres hacer el viaje m\u00e1s intenso, existen experiencias \u00fanicas como<\/p>\n<\/a>\n\n<a class=\"gb-loop-item gb-loop-item-35d27972 post-1370 post type-post status-publish format-standard hentry category-personal\" href=\"https:\/\/lavetonia.com\/en\/perfumes-y-vinos-en-salamanca\/\">\n<h2 class=\"gb-text gb-text-e214ad08\">Perfumes and Wines in Salamanca<\/h2>\n\n\n\n<p class=\"gb-text gb-text-bb1a9d2a\">10 de January de 2025<\/p>\n\n\n\n<p class=\"gb-text gb-text-fa747760\">\u00bfQu\u00e9 tienen en com\u00fan? \u00bfSab\u00edas que el perfume y el vino comparten mucho m\u00e1s de lo que parece?&nbsp; En Salamanca, hemos creado una experiencia sensorial que te llevar\u00e1 a explorar el fascinante paralelismo entre estos dos mundos.\u00a0Desde los aromas que evocan emociones hasta los procesos de creaci\u00f3n artesanal, el perfume y el vino son aut\u00e9nticas<\/p>\n<\/a>\n\n<a class=\"gb-loop-item gb-loop-item-35d27972 post-1304 post type-post status-publish format-standard hentry category-personal\" href=\"https:\/\/lavetonia.com\/en\/te-cuento-un-secreto-salamanca-tambien-tiene-espumoso\/\">\n<h2 class=\"gb-text gb-text-e214ad08\">Shall I tell you a secret? Salamanca also has sparkling wine.<\/h2>\n\n\n\n<p class=\"gb-text gb-text-bb1a9d2a\">10 de December de 2024<\/p>\n\n\n\n<p class=\"gb-text gb-text-fa747760\">Pero antes\u2026\u00bfSab\u00edas que abrir una botella de vino espumoso tiene su propia regla no escrita?&nbsp; Este proceso, m\u00e1s all\u00e1 de ser una simple acci\u00f3n, se convierte en un ritual cargado de simbolismo y emoci\u00f3n. El protagonista de este peque\u00f1o pero significativo gesto es el muselet, esa delicada pieza de alambre compuesta de 3 partes ensambladas<\/p>\n<\/a>\n\n<a class=\"gb-loop-item gb-loop-item-35d27972 post-1080 post type-post status-publish format-standard hentry category-vinos\" href=\"https:\/\/lavetonia.com\/en\/vinos-sierra-salamanca\/\">\n<h2 class=\"gb-text gb-text-e214ad08\">The Best Wines of the Sierra de Salamanca<\/h2>\n\n\n\n<p class=\"gb-text gb-text-bb1a9d2a\">10 de November de 2024<\/p>\n\n\n\n<p class=\"gb-text gb-text-fa747760\">Acomp\u00e1\u00f1ame a dar un paseo por los vinos del oeste salmantino. Vinos \u00fanicos, diferentes, originales, sorprendentes\u2026. Hay tantos adjetivos para describir estos vinos que nos vamos a quedar con estos cuatro. Me gustan los n\u00fameros pares.&nbsp; La uva estrella de Salamanca: Rufete Para comenzar con esta cata de vinos de Salamanca, vamos a sumergirnos en<\/p>\n<\/a>\n\n<a class=\"gb-loop-item gb-loop-item-35d27972 post-1082 post type-post status-publish format-standard hentry category-personal\" href=\"https:\/\/lavetonia.com\/en\/secreto-uvas-salamanca\/\">\n<h2 class=\"gb-text gb-text-e214ad08\">Creams: Discover the Secret to Healthy Skin<\/h2>\n\n\n\n<p class=\"gb-text gb-text-bb1a9d2a\">10 de October de 2024<\/p>\n\n\n\n<p class=\"gb-text gb-text-fa747760\">\u00bfSab\u00edas que puedes encontrar cremas y jabones elaborados a partir de subproductos de vino?&nbsp; Puede sonar extra\u00f1o, pero estas innovadoras opciones est\u00e1n ganando popularidad debido a sus m\u00faltiples beneficios para la piel. Las cremas y jabones con subproductos de vino son una excelente opci\u00f3n para quienes buscan productos naturales y sostenibles. Ingredientes como las semillas<\/p>\n<\/a>\n\n<a class=\"gb-loop-item gb-loop-item-35d27972 post-762 post type-post status-publish format-standard hentry category-vinos\" href=\"https:\/\/lavetonia.com\/en\/bodegas-vinos-salamanca\/\">\n<h2 class=\"gb-text gb-text-e214ad08\">Discover Salamanca\u2019s Hidden Gems: wine cellars and more<\/h2>\n\n\n\n<p class=\"gb-text gb-text-bb1a9d2a\">10 de September de 2024<\/p>\n\n\n\n<p class=\"gb-text gb-text-fa747760\">\u00bfEs Salamanca una tierra de vinos? S\u00ed. La respuesta es un rotundo s\u00ed.&nbsp; Salamanca es famosa por su cultura acad\u00e9mica y arquitectura hist\u00f3rica. Es conocida por ser la Oxford espa\u00f1ola. \u00bfQui\u00e9n no ha buscado la rana y el astronauta? Pero el oeste salmantino alberga un tesoro poco conocido: las bodegas de vinos y una experiencia<\/p>\n<\/a>\n<\/div>\n\n\n<div class=\"gb-element-c3d12b0d gb-query-loop-pagination\">\n\n\n\n<\/div>\n<\/div>\n<\/div>","protected":false},"excerpt":{"rendered":"","protected":false},"author":1,"featured_media":0,"parent":0,"menu_order":0,"comment_status":"closed","ping_status":"closed","template":"","meta":{"_acf_changed":false,"inline_featured_image":false,"footnotes":""},"class_list":["post-17","page","type-page","status-publish"],"acf":[],"yoast_head":"<!-- This site is optimized with the Yoast SEO Premium plugin v22.8 (Yoast SEO v26.3) - https:\/\/yoast.com\/wordpress\/plugins\/seo\/ -->\n<title>Blog - Lavetonia<\/title>\n<meta name=\"robots\" content=\"index, follow, max-snippet:-1, max-image-preview:large, max-video-preview:-1\" \/>\n<link rel=\"canonical\" href=\"https:\/\/lavetonia.com\/en\/blog\/\" \/>\n<meta property=\"og:locale\" content=\"en_GB\" \/>\n<meta property=\"og:type\" content=\"article\" \/>\n<meta property=\"og:title\" content=\"Blog\" \/>\n<meta property=\"og:url\" content=\"https:\/\/lavetonia.com\/en\/blog\/\" \/>\n<meta property=\"og:site_name\" content=\"Lavetonia\" \/>\n<meta property=\"article:modified_time\" content=\"2026-03-04T11:52:19+00:00\" \/>\n<meta name=\"twitter:card\" content=\"summary_large_image\" \/>\n<meta name=\"twitter:label1\" content=\"Estimated reading time\" \/>\n\t<meta name=\"twitter:data1\" content=\"1 minute\" \/>\n<script type=\"application\/ld+json\" class=\"yoast-schema-graph\">{\"@context\":\"https:\/\/schema.org\",\"@graph\":[{\"@type\":\"WebPage\",\"@id\":\"https:\/\/lavetonia.com\/blog\/\",\"url\":\"https:\/\/lavetonia.com\/blog\/\",\"name\":\"Blog - Lavetonia\",\"isPartOf\":{\"@id\":\"https:\/\/aliceblue-mule-324162.hostingersite.com\/#website\"},\"datePublished\":\"2023-03-13T15:23:30+00:00\",\"dateModified\":\"2026-03-04T11:52:19+00:00\",\"breadcrumb\":{\"@id\":\"https:\/\/lavetonia.com\/blog\/#breadcrumb\"},\"inLanguage\":\"en-GB\",\"potentialAction\":[{\"@type\":\"ReadAction\",\"target\":[\"https:\/\/lavetonia.com\/blog\/\"]}]},{\"@type\":\"BreadcrumbList\",\"@id\":\"https:\/\/lavetonia.com\/blog\/#breadcrumb\",\"itemListElement\":[{\"@type\":\"ListItem\",\"position\":1,\"name\":\"Portada\",\"item\":\"https:\/\/aliceblue-mule-324162.hostingersite.com\/\"},{\"@type\":\"ListItem\",\"position\":2,\"name\":\"Blog\"}]},{\"@type\":\"WebSite\",\"@id\":\"https:\/\/aliceblue-mule-324162.hostingersite.com\/#website\",\"url\":\"https:\/\/aliceblue-mule-324162.hostingersite.com\/\",\"name\":\"Lavetonia\",\"description\":\"\",\"publisher\":{\"@id\":\"https:\/\/aliceblue-mule-324162.hostingersite.com\/#organization\"},\"potentialAction\":[{\"@type\":\"SearchAction\",\"target\":{\"@type\":\"EntryPoint\",\"urlTemplate\":\"https:\/\/aliceblue-mule-324162.hostingersite.com\/?s={search_term_string}\"},\"query-input\":{\"@type\":\"PropertyValueSpecification\",\"valueRequired\":true,\"valueName\":\"search_term_string\"}}],\"inLanguage\":\"en-GB\"},{\"@type\":\"Organization\",\"@id\":\"https:\/\/aliceblue-mule-324162.hostingersite.com\/#organization\",\"name\":\"Lavetonia\",\"url\":\"https:\/\/aliceblue-mule-324162.hostingersite.com\/\",\"logo\":{\"@type\":\"ImageObject\",\"inLanguage\":\"en-GB\",\"@id\":\"https:\/\/aliceblue-mule-324162.hostingersite.com\/#\/schema\/logo\/image\/\",\"url\":\"https:\/\/lavetonia.com\/wp-content\/uploads\/2024\/09\/lavetonia-retinax.png\",\"contentUrl\":\"https:\/\/lavetonia.com\/wp-content\/uploads\/2024\/09\/lavetonia-retinax.png\",\"width\":340,\"height\":140,\"caption\":\"Lavetonia\"},\"image\":{\"@id\":\"https:\/\/aliceblue-mule-324162.hostingersite.com\/#\/schema\/logo\/image\/\"}}]}<\/script>\n<!-- \/ Yoast SEO Premium plugin. -->","yoast_head_json":{"title":"Blog - Lavetonia","robots":{"index":"index","follow":"follow","max-snippet":"max-snippet:-1","max-image-preview":"max-image-preview:large","max-video-preview":"max-video-preview:-1"},"canonical":"https:\/\/lavetonia.com\/en\/blog\/","og_locale":"en_GB","og_type":"article","og_title":"Blog","og_url":"https:\/\/lavetonia.com\/en\/blog\/","og_site_name":"Lavetonia","article_modified_time":"2026-03-04T11:52:19+00:00","twitter_card":"summary_large_image","twitter_misc":{"Estimated reading time":"1 minute"},"schema":{"@context":"https:\/\/schema.org","@graph":[{"@type":"WebPage","@id":"https:\/\/lavetonia.com\/blog\/","url":"https:\/\/lavetonia.com\/blog\/","name":"Blog - Lavetonia","isPartOf":{"@id":"https:\/\/aliceblue-mule-324162.hostingersite.com\/#website"},"datePublished":"2023-03-13T15:23:30+00:00","dateModified":"2026-03-04T11:52:19+00:00","breadcrumb":{"@id":"https:\/\/lavetonia.com\/blog\/#breadcrumb"},"inLanguage":"en-GB","potentialAction":[{"@type":"ReadAction","target":["https:\/\/lavetonia.com\/blog\/"]}]},{"@type":"BreadcrumbList","@id":"https:\/\/lavetonia.com\/blog\/#breadcrumb","itemListElement":[{"@type":"ListItem","position":1,"name":"Portada","item":"https:\/\/aliceblue-mule-324162.hostingersite.com\/"},{"@type":"ListItem","position":2,"name":"Blog"}]},{"@type":"WebSite","@id":"https:\/\/aliceblue-mule-324162.hostingersite.com\/#website","url":"https:\/\/aliceblue-mule-324162.hostingersite.com\/","name":"Lavetonia","description":"","publisher":{"@id":"https:\/\/aliceblue-mule-324162.hostingersite.com\/#organization"},"potentialAction":[{"@type":"SearchAction","target":{"@type":"EntryPoint","urlTemplate":"https:\/\/aliceblue-mule-324162.hostingersite.com\/?s={search_term_string}"},"query-input":{"@type":"PropertyValueSpecification","valueRequired":true,"valueName":"search_term_string"}}],"inLanguage":"en-GB"},{"@type":"Organization","@id":"https:\/\/aliceblue-mule-324162.hostingersite.com\/#organization","name":"Lavetonia","url":"https:\/\/aliceblue-mule-324162.hostingersite.com\/","logo":{"@type":"ImageObject","inLanguage":"en-GB","@id":"https:\/\/aliceblue-mule-324162.hostingersite.com\/#\/schema\/logo\/image\/","url":"https:\/\/lavetonia.com\/wp-content\/uploads\/2024\/09\/lavetonia-retinax.png","contentUrl":"https:\/\/lavetonia.com\/wp-content\/uploads\/2024\/09\/lavetonia-retinax.png","width":340,"height":140,"caption":"Lavetonia"},"image":{"@id":"https:\/\/aliceblue-mule-324162.hostingersite.com\/#\/schema\/logo\/image\/"}}]}},"_links":{"self":[{"href":"https:\/\/lavetonia.com\/en\/wp-json\/wp\/v2\/pages\/17","targetHints":{"allow":["GET"]}}],"collection":[{"href":"https:\/\/lavetonia.com\/en\/wp-json\/wp\/v2\/pages"}],"about":[{"href":"https:\/\/lavetonia.com\/en\/wp-json\/wp\/v2\/types\/page"}],"author":[{"embeddable":true,"href":"https:\/\/lavetonia.com\/en\/wp-json\/wp\/v2\/users\/1"}],"replies":[{"embeddable":true,"href":"https:\/\/lavetonia.com\/en\/wp-json\/wp\/v2\/comments?post=17"}],"version-history":[{"count":23,"href":"https:\/\/lavetonia.com\/en\/wp-json\/wp\/v2\/pages\/17\/revisions"}],"predecessor-version":[{"id":3165,"href":"https:\/\/lavetonia.com\/en\/wp-json\/wp\/v2\/pages\/17\/revisions\/3165"}],"wp:attachment":[{"href":"https:\/\/lavetonia.com\/en\/wp-json\/wp\/v2\/media?parent=17"}],"curies":[{"name":"wp","href":"https:\/\/api.w.org\/{rel}","templated":true}]}}