{"id":2915,"date":"2026-01-02T12:13:50","date_gmt":"2026-01-02T11:13:50","guid":{"rendered":"https:\/\/lavetonia.com\/?page_id=2915"},"modified":"2026-01-02T22:02:14","modified_gmt":"2026-01-02T21:02:14","slug":"regalo","status":"publish","type":"page","link":"https:\/\/lavetonia.com\/en\/regalo\/","title":{"rendered":"Gift"},"content":{"rendered":"<div class=\"gb-container gb-container-d9afe83b gbp-section\">\n<div class=\"gb-container gb-container-4bd107e5 gbp-section__inner\">\n<div class=\"gb-container gb-container-89b724a7\">\n\n<h1 class=\"gb-headline gb-headline-159f9f28 gb-headline-text gbp-section__headline\">Gift<\/h1>\n\n\n\n<p>Para no ir a ciegas al elegir donde comer.<\/p>\n\n\n\n<p>Esta no es una lista interminable ni una gu\u00eda complicada.<\/p>\n\n\n\n<p>Es una peque\u00f1a selecci\u00f3n de sitios bien escogidos para comer rico, con calma y sin darle demasiadas vueltas en Salamanca.<\/p>\n\n\n\n<p>\u00bfTe apetece dar un paso m\u00e1s all\u00e1?<\/p>\n\n\n\n<p>Si quieres \u00abCondimentar\u00bb tu estancia con una cata de vinos, puedes reservar aqu\u00ed <a href=\"\/en\/hola@lavetonia.com\/\">hola@lavetonia.com<\/a> antes de comenzar tu viaje y disfrutar con todos los sentidos de una inmersi\u00f3n gastron\u00f3mica Salmantina.<\/p>\n\n\n\n<figure class=\"gb-block-image gb-block-image-09933bac\"><img loading=\"lazy\" decoding=\"async\" width=\"1080\" height=\"1350\" class=\"gb-image gb-image-09933bac\" src=\"https:\/\/lavetonia.com\/wp-content\/uploads\/2026\/01\/Caratula-Regalo-leadmagnet.png\" alt=\"\" title=\"Caratula Regalo leadmagnet\" srcset=\"https:\/\/lavetonia.com\/wp-content\/uploads\/2026\/01\/Caratula-Regalo-leadmagnet.png 1080w, https:\/\/lavetonia.com\/wp-content\/uploads\/2026\/01\/Caratula-Regalo-leadmagnet-240x300.png 240w, https:\/\/lavetonia.com\/wp-content\/uploads\/2026\/01\/Caratula-Regalo-leadmagnet-819x1024.png 819w, https:\/\/lavetonia.com\/wp-content\/uploads\/2026\/01\/Caratula-Regalo-leadmagnet-768x960.png 768w, https:\/\/lavetonia.com\/wp-content\/uploads\/2026\/01\/Caratula-Regalo-leadmagnet-10x12.png 10w, https:\/\/lavetonia.com\/wp-content\/uploads\/2026\/01\/Caratula-Regalo-leadmagnet-600x750.png 600w\" sizes=\"auto, (max-width: 1080px) 100vw, 1080px\" \/><\/figure>\n\n<\/div>\n\n<div class=\"gb-container gb-container-c807432a\">\n\n<div class=\"wp-block-contact-form-7-contact-form-selector\">\n<div class=\"wpcf7 no-js\" id=\"wpcf7-f2917-o1\" lang=\"es-ES\" dir=\"ltr\" data-wpcf7-id=\"2917\">\n<div class=\"screen-reader-response\"><p role=\"status\" aria-live=\"polite\" aria-atomic=\"true\"><\/p> <ul><\/ul><\/div>\n<form action=\"\/en\/wp-json\/wp\/v2\/pages\/2915#wpcf7-f2917-o1\" method=\"post\" class=\"wpcf7-form init\" aria-label=\"Formulario de contacto\" novalidate=\"novalidate\" data-status=\"init\" data-trp-original-action=\"\/en\/wp-json\/wp\/v2\/pages\/2915#wpcf7-f2917-o1\">\n<fieldset class=\"hidden-fields-container\"><input type=\"hidden\" name=\"_wpcf7\" value=\"2917\" \/><input type=\"hidden\" name=\"_wpcf7_version\" value=\"6.1.3\" \/><input type=\"hidden\" name=\"_wpcf7_locale\" value=\"es_ES\" \/><input type=\"hidden\" name=\"_wpcf7_unit_tag\" value=\"wpcf7-f2917-o1\" \/><input type=\"hidden\" name=\"_wpcf7_container_post\" value=\"0\" \/><input type=\"hidden\" name=\"_wpcf7_posted_data_hash\" value=\"\" \/><input type=\"hidden\" name=\"_wpcf7_recaptcha_response\" value=\"\" \/>\n<\/fieldset>\n<p><span class=\"wpcf7-form-control-wrap\" data-name=\"nombre\"><input size=\"40\" maxlength=\"400\" class=\"wpcf7-form-control wpcf7-text wpcf7-validates-as-required\" aria-required=\"true\" aria-invalid=\"false\" placeholder=\"Name\" value=\"\" type=\"text\" name=\"nombre\" \/><\/span>\n<\/p>\n<div class=\"col-form\">\n\t<p><span class=\"wpcf7-form-control-wrap\" data-name=\"email\"><input size=\"40\" maxlength=\"400\" class=\"wpcf7-form-control wpcf7-email wpcf7-validates-as-required wpcf7-text wpcf7-validates-as-email\" aria-required=\"true\" aria-invalid=\"false\" placeholder=\"e-mail\" value=\"\" type=\"email\" name=\"email\" \/><\/span>\n\t<\/p>\n<\/div>\n<p class=\"politica\"><label><span class=\"wpcf7-form-control-wrap\" data-name=\"checkbox\"><span class=\"wpcf7-form-control wpcf7-acceptance\"><span class=\"wpcf7-list-item\"><input type=\"checkbox\" name=\"checkbox\" value=\"1\" aria-invalid=\"false\" \/><\/span><\/span><\/span> I have read and accept the <a href=\"https:\/\/lavetonia.com\/en\/politica-privacidad\/\" target=\"_blank\" rel=\"nofollow\">Privacy policy<\/a><\/label>\n<\/p>\n<p><input class=\"wpcf7-form-control wpcf7-submit has-spinner\" type=\"submit\" value=\"\u00a1Quiero mi regalo!\" \/>\n<\/p>\n<p class=\"info\">Lavetonia is responsible for the processing of your data, in order to respond to your request for information. You have the right of access, rectification, deletion, limitation, opposition to processing and portability. You can exercise your rights at hola@lavetonia.com\n<\/p>\n<div class=\"wpcf7-response-output\" aria-hidden=\"true\"><\/div>\n<input type=\"hidden\" name=\"trp-form-language\" value=\"en\"\/><\/form>\n<\/div>\n<\/div>\n\n<\/div>\n<\/div>\n<\/div>","protected":false},"excerpt":{"rendered":"<p>Regalo Para no ir a ciegas al elegir donde comer. Esta no es una lista interminable ni una gu\u00eda complicada. Es una peque\u00f1a selecci\u00f3n de sitios bien escogidos para comer rico, con calma y sin darle demasiadas vueltas en Salamanca. \u00bfTe apetece dar un paso m\u00e1s all\u00e1? Si quieres \u00abCondimentar\u00bb tu estancia con una cata &#8230; <a title=\"Gift\" class=\"read-more\" href=\"https:\/\/lavetonia.com\/en\/regalo\/\" aria-label=\"Read more about Regalo\">Read more<\/a><\/p>","protected":false},"author":2,"featured_media":0,"parent":0,"menu_order":0,"comment_status":"closed","ping_status":"closed","template":"","meta":{"_acf_changed":false,"inline_featured_image":false,"footnotes":""},"class_list":["post-2915","page","type-page","status-publish"],"acf":[],"yoast_head":"<!-- This site is optimized with the Yoast SEO Premium plugin v22.8 (Yoast SEO v26.3) - https:\/\/yoast.com\/wordpress\/plugins\/seo\/ -->\n<title>Regalo - Lavetonia<\/title>\n<meta name=\"robots\" content=\"index, follow, max-snippet:-1, max-image-preview:large, max-video-preview:-1\" \/>\n<link rel=\"canonical\" href=\"https:\/\/lavetonia.com\/en\/regalo\/\" \/>\n<meta property=\"og:locale\" content=\"en_GB\" \/>\n<meta property=\"og:type\" content=\"article\" \/>\n<meta property=\"og:title\" content=\"Regalo\" \/>\n<meta property=\"og:description\" content=\"Regalo Para no ir a ciegas al elegir donde comer. Esta no es una lista interminable ni una gu\u00eda complicada. Es una peque\u00f1a selecci\u00f3n de sitios bien escogidos para comer rico, con calma y sin darle demasiadas vueltas en Salamanca. \u00bfTe apetece dar un paso m\u00e1s all\u00e1? Si quieres \u00abCondimentar\u00bb tu estancia con una cata ... Read more\" \/>\n<meta property=\"og:url\" content=\"https:\/\/lavetonia.com\/en\/regalo\/\" \/>\n<meta property=\"og:site_name\" content=\"Lavetonia\" \/>\n<meta property=\"article:modified_time\" content=\"2026-01-02T21:02:14+00:00\" \/>\n<meta property=\"og:image\" content=\"https:\/\/lavetonia.com\/wp-content\/uploads\/2026\/01\/Caratula-Regalo-leadmagnet.png\" \/>\n<meta name=\"twitter:card\" content=\"summary_large_image\" \/>\n<meta name=\"twitter:label1\" content=\"Estimated reading time\" \/>\n\t<meta name=\"twitter:data1\" content=\"1 minute\" \/>\n<script type=\"application\/ld+json\" class=\"yoast-schema-graph\">{\"@context\":\"https:\/\/schema.org\",\"@graph\":[{\"@type\":\"WebPage\",\"@id\":\"https:\/\/lavetonia.com\/regalo\/\",\"url\":\"https:\/\/lavetonia.com\/regalo\/\",\"name\":\"Regalo - Lavetonia\",\"isPartOf\":{\"@id\":\"https:\/\/aliceblue-mule-324162.hostingersite.com\/#website\"},\"primaryImageOfPage\":{\"@id\":\"https:\/\/lavetonia.com\/regalo\/#primaryimage\"},\"image\":{\"@id\":\"https:\/\/lavetonia.com\/regalo\/#primaryimage\"},\"thumbnailUrl\":\"https:\/\/lavetonia.com\/wp-content\/uploads\/2026\/01\/Caratula-Regalo-leadmagnet.png\",\"datePublished\":\"2026-01-02T11:13:50+00:00\",\"dateModified\":\"2026-01-02T21:02:14+00:00\",\"breadcrumb\":{\"@id\":\"https:\/\/lavetonia.com\/regalo\/#breadcrumb\"},\"inLanguage\":\"en-GB\",\"potentialAction\":[{\"@type\":\"ReadAction\",\"target\":[\"https:\/\/lavetonia.com\/regalo\/\"]}]},{\"@type\":\"ImageObject\",\"inLanguage\":\"en-GB\",\"@id\":\"https:\/\/lavetonia.com\/regalo\/#primaryimage\",\"url\":\"https:\/\/lavetonia.com\/wp-content\/uploads\/2026\/01\/Caratula-Regalo-leadmagnet.png\",\"contentUrl\":\"https:\/\/lavetonia.com\/wp-content\/uploads\/2026\/01\/Caratula-Regalo-leadmagnet.png\"},{\"@type\":\"BreadcrumbList\",\"@id\":\"https:\/\/lavetonia.com\/regalo\/#breadcrumb\",\"itemListElement\":[{\"@type\":\"ListItem\",\"position\":1,\"name\":\"Portada\",\"item\":\"https:\/\/aliceblue-mule-324162.hostingersite.com\/\"},{\"@type\":\"ListItem\",\"position\":2,\"name\":\"Regalo\"}]},{\"@type\":\"WebSite\",\"@id\":\"https:\/\/aliceblue-mule-324162.hostingersite.com\/#website\",\"url\":\"https:\/\/aliceblue-mule-324162.hostingersite.com\/\",\"name\":\"Lavetonia\",\"description\":\"\",\"publisher\":{\"@id\":\"https:\/\/aliceblue-mule-324162.hostingersite.com\/#organization\"},\"potentialAction\":[{\"@type\":\"SearchAction\",\"target\":{\"@type\":\"EntryPoint\",\"urlTemplate\":\"https:\/\/aliceblue-mule-324162.hostingersite.com\/?s={search_term_string}\"},\"query-input\":{\"@type\":\"PropertyValueSpecification\",\"valueRequired\":true,\"valueName\":\"search_term_string\"}}],\"inLanguage\":\"en-GB\"},{\"@type\":\"Organization\",\"@id\":\"https:\/\/aliceblue-mule-324162.hostingersite.com\/#organization\",\"name\":\"Lavetonia\",\"url\":\"https:\/\/aliceblue-mule-324162.hostingersite.com\/\",\"logo\":{\"@type\":\"ImageObject\",\"inLanguage\":\"en-GB\",\"@id\":\"https:\/\/aliceblue-mule-324162.hostingersite.com\/#\/schema\/logo\/image\/\",\"url\":\"https:\/\/lavetonia.com\/wp-content\/uploads\/2024\/09\/lavetonia-retinax.png\",\"contentUrl\":\"https:\/\/lavetonia.com\/wp-content\/uploads\/2024\/09\/lavetonia-retinax.png\",\"width\":340,\"height\":140,\"caption\":\"Lavetonia\"},\"image\":{\"@id\":\"https:\/\/aliceblue-mule-324162.hostingersite.com\/#\/schema\/logo\/image\/\"}}]}<\/script>\n<!-- \/ Yoast SEO Premium plugin. -->","yoast_head_json":{"title":"Regalo - Lavetonia","robots":{"index":"index","follow":"follow","max-snippet":"max-snippet:-1","max-image-preview":"max-image-preview:large","max-video-preview":"max-video-preview:-1"},"canonical":"https:\/\/lavetonia.com\/en\/regalo\/","og_locale":"en_GB","og_type":"article","og_title":"Regalo","og_description":"Regalo Para no ir a ciegas al elegir donde comer. Esta no es una lista interminable ni una gu\u00eda complicada. Es una peque\u00f1a selecci\u00f3n de sitios bien escogidos para comer rico, con calma y sin darle demasiadas vueltas en Salamanca. \u00bfTe apetece dar un paso m\u00e1s all\u00e1? Si quieres \u00abCondimentar\u00bb tu estancia con una cata ... Read more","og_url":"https:\/\/lavetonia.com\/en\/regalo\/","og_site_name":"Lavetonia","article_modified_time":"2026-01-02T21:02:14+00:00","og_image":[{"url":"https:\/\/lavetonia.com\/wp-content\/uploads\/2026\/01\/Caratula-Regalo-leadmagnet.png","type":"","width":"","height":""}],"twitter_card":"summary_large_image","twitter_misc":{"Estimated reading time":"1 minute"},"schema":{"@context":"https:\/\/schema.org","@graph":[{"@type":"WebPage","@id":"https:\/\/lavetonia.com\/regalo\/","url":"https:\/\/lavetonia.com\/regalo\/","name":"Regalo - Lavetonia","isPartOf":{"@id":"https:\/\/aliceblue-mule-324162.hostingersite.com\/#website"},"primaryImageOfPage":{"@id":"https:\/\/lavetonia.com\/regalo\/#primaryimage"},"image":{"@id":"https:\/\/lavetonia.com\/regalo\/#primaryimage"},"thumbnailUrl":"https:\/\/lavetonia.com\/wp-content\/uploads\/2026\/01\/Caratula-Regalo-leadmagnet.png","datePublished":"2026-01-02T11:13:50+00:00","dateModified":"2026-01-02T21:02:14+00:00","breadcrumb":{"@id":"https:\/\/lavetonia.com\/regalo\/#breadcrumb"},"inLanguage":"en-GB","potentialAction":[{"@type":"ReadAction","target":["https:\/\/lavetonia.com\/regalo\/"]}]},{"@type":"ImageObject","inLanguage":"en-GB","@id":"https:\/\/lavetonia.com\/regalo\/#primaryimage","url":"https:\/\/lavetonia.com\/wp-content\/uploads\/2026\/01\/Caratula-Regalo-leadmagnet.png","contentUrl":"https:\/\/lavetonia.com\/wp-content\/uploads\/2026\/01\/Caratula-Regalo-leadmagnet.png"},{"@type":"BreadcrumbList","@id":"https:\/\/lavetonia.com\/regalo\/#breadcrumb","itemListElement":[{"@type":"ListItem","position":1,"name":"Portada","item":"https:\/\/aliceblue-mule-324162.hostingersite.com\/"},{"@type":"ListItem","position":2,"name":"Regalo"}]},{"@type":"WebSite","@id":"https:\/\/aliceblue-mule-324162.hostingersite.com\/#website","url":"https:\/\/aliceblue-mule-324162.hostingersite.com\/","name":"Lavetonia","description":"","publisher":{"@id":"https:\/\/aliceblue-mule-324162.hostingersite.com\/#organization"},"potentialAction":[{"@type":"SearchAction","target":{"@type":"EntryPoint","urlTemplate":"https:\/\/aliceblue-mule-324162.hostingersite.com\/?s={search_term_string}"},"query-input":{"@type":"PropertyValueSpecification","valueRequired":true,"valueName":"search_term_string"}}],"inLanguage":"en-GB"},{"@type":"Organization","@id":"https:\/\/aliceblue-mule-324162.hostingersite.com\/#organization","name":"Lavetonia","url":"https:\/\/aliceblue-mule-324162.hostingersite.com\/","logo":{"@type":"ImageObject","inLanguage":"en-GB","@id":"https:\/\/aliceblue-mule-324162.hostingersite.com\/#\/schema\/logo\/image\/","url":"https:\/\/lavetonia.com\/wp-content\/uploads\/2024\/09\/lavetonia-retinax.png","contentUrl":"https:\/\/lavetonia.com\/wp-content\/uploads\/2024\/09\/lavetonia-retinax.png","width":340,"height":140,"caption":"Lavetonia"},"image":{"@id":"https:\/\/aliceblue-mule-324162.hostingersite.com\/#\/schema\/logo\/image\/"}}]}},"_links":{"self":[{"href":"https:\/\/lavetonia.com\/en\/wp-json\/wp\/v2\/pages\/2915","targetHints":{"allow":["GET"]}}],"collection":[{"href":"https:\/\/lavetonia.com\/en\/wp-json\/wp\/v2\/pages"}],"about":[{"href":"https:\/\/lavetonia.com\/en\/wp-json\/wp\/v2\/types\/page"}],"author":[{"embeddable":true,"href":"https:\/\/lavetonia.com\/en\/wp-json\/wp\/v2\/users\/2"}],"replies":[{"embeddable":true,"href":"https:\/\/lavetonia.com\/en\/wp-json\/wp\/v2\/comments?post=2915"}],"version-history":[{"count":5,"href":"https:\/\/lavetonia.com\/en\/wp-json\/wp\/v2\/pages\/2915\/revisions"}],"predecessor-version":[{"id":2959,"href":"https:\/\/lavetonia.com\/en\/wp-json\/wp\/v2\/pages\/2915\/revisions\/2959"}],"wp:attachment":[{"href":"https:\/\/lavetonia.com\/en\/wp-json\/wp\/v2\/media?parent=2915"}],"curies":[{"name":"wp","href":"https:\/\/api.w.org\/{rel}","templated":true}]}}