{"id":605,"date":"2024-06-06T19:19:08","date_gmt":"2024-06-06T17:19:08","guid":{"rendered":"https:\/\/lavetonia.com\/?page_id=605"},"modified":"2026-03-04T12:34:42","modified_gmt":"2026-03-04T11:34:42","slug":"preguntas-frecuentes","status":"publish","type":"page","link":"https:\/\/lavetonia.com\/en\/preguntas-frecuentes\/","title":{"rendered":"FAQs"},"content":{"rendered":"<div class=\"centrar-container gb-element-06e7d85d\">\n<div>\n<div class=\"gb-element-bd3dd19c\">\n<div class=\"gb-element-48f54b0f\">\n<h2 class=\"gb-text gb-text-c56a3d60\">FAQs<\/h2>\n\n\n\n<p>Here are the most frequently asked questions.<\/p>\n<\/div>\n\n\n\n<div class=\"gb-element-9557c95e\">\n<h3 class=\"gb-text gb-text-cfb0f816\"><strong>Do you offer gastronomic activities that we can include in our travel packages?<\/strong><\/h3>\n\n\n\n<p class=\"has-contrast-2-color has-text-color has-link-color wp-elements-d1c63dc716b1b7c79d2b410b1e5c26b6\">S\u00ed, Lavetonia se adapta a las necesidades de la agencia para enriquecer y dar m\u00e1s valor al paquete, completando la experiencia desde el c\u00e1liz sensorial y gastron\u00f3mico.<\/p>\n<\/div>\n\n\n\n<div class=\"gb-element-b2e7cbc7\">\n<h3 class=\"gb-text gb-text-1492936c\"><strong>What exactly does each experience or tasting include?<\/strong><\/h3>\n\n\n\n<p class=\"has-contrast-2-color has-text-color has-link-color wp-elements-515f3f10f862cb18fb0ac48c1e077cc5\">Las catas incluyen 3 vinos con su maridaje correspondiente seg\u00fan la tem\u00e1tica, la explicaci\u00f3n apoyada en un juego arom\u00e1tico y un detalle de regalo para cada comensal. No se hacen catas solo con vino, siempre va acompa\u00f1ado de su maridaje.<\/p>\n<\/div>\n\n\n\n<div class=\"gb-element-461065a0\">\n<h3 class=\"gb-text gb-text-f8c791d6\"><strong>\u00bfCon cu\u00e1nta antelaci\u00f3n tengo que solicitar los servicios?<\/strong><\/h3>\n\n\n\n<p class=\"has-contrast-2-color has-text-color has-link-color wp-elements-7ea103c7b06b0e37f6b29d4fb071202d\">Reservations must be made at least 1 week before the date of the service.<\/p>\n<\/div>\n\n\n\n<div class=\"gb-element-09fb4fb7\">\n<h3 class=\"gb-text gb-text-20bca756\"><strong>Do you offer customised options to suit the needs of different types of travellers?<\/strong><\/h3>\n\n\n\n<p class=\"has-contrast-2-color has-text-color has-link-color wp-elements-0fc7dceb8885332d3a0db5da8f2c8df9\">Por supuesto, Lavetonia adapta sus recursos a todo tipo de opciones siempre ofreciendo experiencias que cumplan su filosof\u00eda y la calidad requerida por su parte. Escr\u00edbeme y me pongo manos a la masa.<\/p>\n<\/div>\n\n\n\n<div class=\"gb-element-a834417f\">\n<h3 class=\"gb-text gb-text-9ca5ac5d\"><strong>How do you ensure the quality and authenticity of experiences?<\/strong><\/h3>\n\n\n\n<p class=\"has-contrast-2-color has-text-color has-link-color wp-elements-4e1c351c62cb76c84759a7338c518d65\">The quality of the experiences is backed up by the spaces where the tastings\/workshops\/Teambuliding take place. And the authenticity of the experiences is backed up by the choice of the products chosen for each experience, the creativity of the presentation of the dishes, the learning techniques and the spontaneity of the tasting discourse, which is free of technicalities.<\/p>\n<\/div>\n\n\n\n<div class=\"gb-element-54d1ca54\">\n<h3 class=\"gb-text gb-text-e7c1ba00\"><strong>If I am a private individual, what can I reserve?<\/strong><\/h3>\n\n\n\n<p class=\"has-contrast-2-color has-text-color has-link-color wp-elements-f7795ebb905a8afcb0af440497c92ea0\">Puedes reservar todas las catas singulares desde 2 personas, cocina y cata y taller de verm\u00fa en Salamanca m\u00ednimo 8 personas. <\/p>\n\n\n\n<div>\n<p class=\"has-contrast-2-color has-text-color has-link-color wp-elements-389ba7782a89d1c0842ac9bf2350630a\">En Madrid solo se realizan para grupos (Consultar disponibilidad y n\u00famero de personas)<\/p>\n<\/div>\n<\/div>\n\n\n\n<div class=\"gb-element-12125a58\">\n<h3 class=\"gb-text gb-text-d61826dc\"><strong>What types of dining experiences do you offer exactly?<\/strong><\/h3>\n\n\n\n<p class=\"has-contrast-2-color has-text-color has-link-color wp-elements-c3f9ee4960e75c83b034909af67196ff\">Teniendo en cuenta los m\u00ednimos de personas para cada experiencia:<\/p>\n\n\n\n<ul class=\"wp-block-list has-contrast-2-color has-text-color has-link-color wp-elements-38d04c51af476ca77bc99608997d9381\">\n<li>Tastings, where I put at your disposal several options such as: (Salamanca wines, wines of women winemakers, sparkling wines, sake and a walk through the Spanish vineyards) always accompanied by food and wine pairing, either for lunch or dinner.<\/li>\n\n\n\n<li class=\"has-contrast-2-color has-text-color has-link-color wp-elements-f108ae783014028aa5abf7fbca80fa8b\">Tastings with a culinary workshop according to the theme of the chosen wines, for example: Italian wines with a fresh pasta workshop.<\/li>\n\n\n\n<li>Teambuliding where you can have a good time as a team while cooking and learning about wines related to the chosen theme, for example, wines from Salamanca and preparing the typical \"hornazo charro\" in teams.<br><\/li>\n\n\n\n<li>Advice on wine tourism, if you have a group in Portugal we can look for a nearby gastronomic experience such as a wine tasting, the preparation of a typical gastronomic product or a significant restaurant.<\/li>\n<\/ul>\n<\/div>\n\n\n\n<div class=\"gb-element-6f55bf8f\">\n<h3 class=\"gb-text gb-text-16faf117\"><strong><strong>\u00bfC\u00f3mo hago mi pedido?<\/strong><\/strong><\/h3>\n\n\n\n<p class=\"has-contrast-2-color has-text-color has-link-color wp-elements-f96f0c35fca11151896f4c5a09b51ecb\">Navega por nuestro men\u00fa y a\u00f1ade los productos que te interesen a tu cesta. Sigue las instrucciones para completar tu registro y tu pago de forma online. Una vez tu pedido se haya efectuado correctamente, recibir\u00e1s un email de confirmaci\u00f3n.<\/p>\n\n\n\n<p class=\"has-contrast-2-color has-text-color has-link-color wp-elements-52329a4955d4e84135e55bc3c81338f8\">Si tienes dudas o quieres comentarnos algo sobre tu pedido puedes hacerlo a trav\u00e9s del email&nbsp;<strong>hola@lavetonia.com<\/strong>&nbsp;o llamando al tel\u00e9fono&nbsp;<a href=\"tel:677173062\">625751861<\/a>&nbsp;de lunes a jueves de 15h00 a 19h00. <\/p>\n<\/div>\n\n\n\n<div class=\"gb-element-bbf74154\">\n<h3 class=\"gb-text gb-text-8de854d0\"><strong>\u00bfHay un pedido m\u00ednimo?<\/strong><\/h3>\n\n\n\n<p class=\"has-contrast-2-color has-text-color has-link-color wp-elements-ff9e44637004b85d735be66720b47e89\">No, puedes hacer tu pedido sea cual sea su importe. Solo debes tener en cuenta los gastos de env\u00edo (ver en el apartado&nbsp;<a href=\"https:\/\/lavetonia.com\/en\/reembolso-devoluciones\/\">POL\u00cdTICA DE ENV\u00cdOS<\/a>)<\/p>\n<\/div>\n\n\n\n<div class=\"gb-element-85861c5b\">\n<h3 class=\"gb-text gb-text-9e404b9a\"><strong>\u00bfCu\u00e1nto son los gastos de envio?<\/strong><\/h3>\n\n\n\n<p class=\"has-contrast-2-color has-text-color has-link-color wp-elements-01117b10b3d8c14baa6d8c000e20579a\">Pedidos inferiores a 45\u20ac en productos, tienen un coste de 9,42\u20ac.<\/p>\n\n\n\n<p class=\"has-contrast-2-color has-text-color has-link-color wp-elements-c806b3443d00077e80d75b6ae9d5a138\">Para env\u00edos a Canarias e Islas Baleares, env\u00edanos tu propuesta de compra a&nbsp;<a href=\"mailto:hola@lavetonia.com\">hola@lavetonia.com<\/a>&nbsp;y te enviaremos un presupuesto detallado ajustando el coste de env\u00edo correspondiente.<\/p>\n<\/div>\n\n\n\n<div class=\"gb-element-dc2d5fc3\">\n<h3 class=\"gb-text gb-text-67f1c462\"><strong><strong>\u00bfPuedo agregar productos a mi pedido una vez lo he realizado?<\/strong><\/strong><\/h3>\n\n\n\n<p class=\"has-contrast-2-color has-text-color has-link-color wp-elements-4c90d3e3e86c0d8c9553d95a75b19b17\">S\u00ed, puedes a\u00f1adir, cambiar o quitar lo que necesites siempre que el pedido no haya salido de nuestros almacenes. Si deseas hacer alg\u00fan cambio en tu pedido, por favor, ll\u00e1manos al&nbsp;<a href=\"about:blank\">625751861<\/a>&nbsp;o escribirnos un email a&nbsp;<a href=\"mailto:hola@lavetonia.com\">hola@lavetonia.com<\/a>.<\/p>\n<\/div>\n\n\n\n<div class=\"gb-element-c9d5e4aa\">\n<h3 class=\"gb-text gb-text-b8d2ec35\"><strong>\u00bfPuedo cancelar mi pedido?<\/strong><\/h3>\n\n\n\n<p class=\"has-contrast-2-color has-text-color has-link-color wp-elements-165b58e599cd153eadab4b31aa2cc9fb\">S\u00ed, puedes cancelar el pedido siempre que el pedido no haya salido de nuestros almacenes. Solo tienes que comunic\u00e1rnoslo llamando al tel\u00e9fono&nbsp;<a href=\"about:blank\">625751861<\/a>&nbsp;o escribi\u00e9ndonos un email a&nbsp;<a href=\"about:blank\">hola@lavetonia.com.<\/a>&nbsp;Una vez cancelado, si el pago ya ha sido efectuado, procederemos a la devoluci\u00f3n del importe, creaci\u00f3n de un vale o cambio, seg\u00fan tus preferencias.<\/p>\n<\/div>\n\n\n\n<div class=\"gb-element-122d54ae\">\n<h3 class=\"gb-text gb-text-b594cbe7\"><strong>Do you have any further questions?<\/strong><\/h3>\n\n\n\n<p class=\"has-contrast-2-color has-text-color has-link-color wp-elements-e10a7d0ebea81fd902a5f68d2837daa9\">Si algo no te queda claro, cons\u00faltame. Estoy aqu\u00ed para hacer que todo encaje como un maridaje perfecto.<\/p>\n\n\n\n<a class=\"gb-button gb-button-e6631ce2 gb-button-text gbp-button--primary\" href=\"https:\/\/lavetonia.com\/en\/contacto\/\">Write to me<\/a>\n<\/div>\n<\/div>\n<\/div>\n<\/div>","protected":false},"excerpt":{"rendered":"<p>FAQs Aqu\u00ed te resuelvo las dudas m\u00e1s frecuentes. \u00bfOfrecen actividades gastron\u00f3micas que podemos incluir en nuestros paquetes de viajes? S\u00ed, Lavetonia se adapta a las necesidades de la agencia para enriquecer y dar m\u00e1s valor al paquete, completando la experiencia desde el c\u00e1liz sensorial y gastron\u00f3mico. \u00bfQu\u00e9 incluye exactamente cada experiencia o cata? Las catas &#8230; <a title=\"FAQs\" class=\"read-more\" href=\"https:\/\/lavetonia.com\/en\/preguntas-frecuentes\/\" aria-label=\"Read more about Preguntas frecuentes\">Read more<\/a><\/p>","protected":false},"author":1,"featured_media":0,"parent":0,"menu_order":0,"comment_status":"closed","ping_status":"closed","template":"","meta":{"_acf_changed":false,"inline_featured_image":false,"footnotes":""},"class_list":["post-605","page","type-page","status-publish"],"acf":[],"yoast_head":"<!-- This site is optimized with the Yoast SEO Premium plugin v22.8 (Yoast SEO v26.3) - https:\/\/yoast.com\/wordpress\/plugins\/seo\/ -->\n<title>Preguntas frecuentes - Lavetonia<\/title>\n<meta name=\"robots\" content=\"index, follow, max-snippet:-1, max-image-preview:large, max-video-preview:-1\" \/>\n<link rel=\"canonical\" href=\"https:\/\/lavetonia.com\/en\/preguntas-frecuentes\/\" \/>\n<meta property=\"og:locale\" content=\"en_GB\" \/>\n<meta property=\"og:type\" content=\"article\" \/>\n<meta property=\"og:title\" content=\"Preguntas frecuentes\" \/>\n<meta property=\"og:description\" content=\"FAQs Aqu\u00ed te resuelvo las dudas m\u00e1s frecuentes. \u00bfOfrecen actividades gastron\u00f3micas que podemos incluir en nuestros paquetes de viajes? S\u00ed, Lavetonia se adapta a las necesidades de la agencia para enriquecer y dar m\u00e1s valor al paquete, completando la experiencia desde el c\u00e1liz sensorial y gastron\u00f3mico. \u00bfQu\u00e9 incluye exactamente cada experiencia o cata? Las catas ... Read more\" \/>\n<meta property=\"og:url\" content=\"https:\/\/lavetonia.com\/en\/preguntas-frecuentes\/\" \/>\n<meta property=\"og:site_name\" content=\"Lavetonia\" \/>\n<meta property=\"article:modified_time\" content=\"2026-03-04T11:34:42+00:00\" \/>\n<meta name=\"twitter:card\" content=\"summary_large_image\" \/>\n<meta name=\"twitter:label1\" content=\"Estimated reading time\" \/>\n\t<meta name=\"twitter:data1\" content=\"4 minutes\" \/>\n<script type=\"application\/ld+json\" class=\"yoast-schema-graph\">{\"@context\":\"https:\/\/schema.org\",\"@graph\":[{\"@type\":\"WebPage\",\"@id\":\"https:\/\/lavetonia.com\/preguntas-frecuentes\/\",\"url\":\"https:\/\/lavetonia.com\/preguntas-frecuentes\/\",\"name\":\"Preguntas frecuentes - Lavetonia\",\"isPartOf\":{\"@id\":\"https:\/\/aliceblue-mule-324162.hostingersite.com\/#website\"},\"datePublished\":\"2024-06-06T17:19:08+00:00\",\"dateModified\":\"2026-03-04T11:34:42+00:00\",\"breadcrumb\":{\"@id\":\"https:\/\/lavetonia.com\/preguntas-frecuentes\/#breadcrumb\"},\"inLanguage\":\"en-GB\",\"potentialAction\":[{\"@type\":\"ReadAction\",\"target\":[\"https:\/\/lavetonia.com\/preguntas-frecuentes\/\"]}]},{\"@type\":\"BreadcrumbList\",\"@id\":\"https:\/\/lavetonia.com\/preguntas-frecuentes\/#breadcrumb\",\"itemListElement\":[{\"@type\":\"ListItem\",\"position\":1,\"name\":\"Portada\",\"item\":\"https:\/\/aliceblue-mule-324162.hostingersite.com\/\"},{\"@type\":\"ListItem\",\"position\":2,\"name\":\"Preguntas frecuentes\"}]},{\"@type\":\"WebSite\",\"@id\":\"https:\/\/aliceblue-mule-324162.hostingersite.com\/#website\",\"url\":\"https:\/\/aliceblue-mule-324162.hostingersite.com\/\",\"name\":\"Lavetonia\",\"description\":\"\",\"publisher\":{\"@id\":\"https:\/\/aliceblue-mule-324162.hostingersite.com\/#organization\"},\"potentialAction\":[{\"@type\":\"SearchAction\",\"target\":{\"@type\":\"EntryPoint\",\"urlTemplate\":\"https:\/\/aliceblue-mule-324162.hostingersite.com\/?s={search_term_string}\"},\"query-input\":{\"@type\":\"PropertyValueSpecification\",\"valueRequired\":true,\"valueName\":\"search_term_string\"}}],\"inLanguage\":\"en-GB\"},{\"@type\":\"Organization\",\"@id\":\"https:\/\/aliceblue-mule-324162.hostingersite.com\/#organization\",\"name\":\"Lavetonia\",\"url\":\"https:\/\/aliceblue-mule-324162.hostingersite.com\/\",\"logo\":{\"@type\":\"ImageObject\",\"inLanguage\":\"en-GB\",\"@id\":\"https:\/\/aliceblue-mule-324162.hostingersite.com\/#\/schema\/logo\/image\/\",\"url\":\"https:\/\/lavetonia.com\/wp-content\/uploads\/2024\/09\/lavetonia-retinax.png\",\"contentUrl\":\"https:\/\/lavetonia.com\/wp-content\/uploads\/2024\/09\/lavetonia-retinax.png\",\"width\":340,\"height\":140,\"caption\":\"Lavetonia\"},\"image\":{\"@id\":\"https:\/\/aliceblue-mule-324162.hostingersite.com\/#\/schema\/logo\/image\/\"}}]}<\/script>\n<!-- \/ Yoast SEO Premium plugin. -->","yoast_head_json":{"title":"Preguntas frecuentes - Lavetonia","robots":{"index":"index","follow":"follow","max-snippet":"max-snippet:-1","max-image-preview":"max-image-preview:large","max-video-preview":"max-video-preview:-1"},"canonical":"https:\/\/lavetonia.com\/en\/preguntas-frecuentes\/","og_locale":"en_GB","og_type":"article","og_title":"Preguntas frecuentes","og_description":"FAQs Aqu\u00ed te resuelvo las dudas m\u00e1s frecuentes. \u00bfOfrecen actividades gastron\u00f3micas que podemos incluir en nuestros paquetes de viajes? S\u00ed, Lavetonia se adapta a las necesidades de la agencia para enriquecer y dar m\u00e1s valor al paquete, completando la experiencia desde el c\u00e1liz sensorial y gastron\u00f3mico. \u00bfQu\u00e9 incluye exactamente cada experiencia o cata? Las catas ... Read more","og_url":"https:\/\/lavetonia.com\/en\/preguntas-frecuentes\/","og_site_name":"Lavetonia","article_modified_time":"2026-03-04T11:34:42+00:00","twitter_card":"summary_large_image","twitter_misc":{"Estimated reading time":"4 minutes"},"schema":{"@context":"https:\/\/schema.org","@graph":[{"@type":"WebPage","@id":"https:\/\/lavetonia.com\/preguntas-frecuentes\/","url":"https:\/\/lavetonia.com\/preguntas-frecuentes\/","name":"Preguntas frecuentes - Lavetonia","isPartOf":{"@id":"https:\/\/aliceblue-mule-324162.hostingersite.com\/#website"},"datePublished":"2024-06-06T17:19:08+00:00","dateModified":"2026-03-04T11:34:42+00:00","breadcrumb":{"@id":"https:\/\/lavetonia.com\/preguntas-frecuentes\/#breadcrumb"},"inLanguage":"en-GB","potentialAction":[{"@type":"ReadAction","target":["https:\/\/lavetonia.com\/preguntas-frecuentes\/"]}]},{"@type":"BreadcrumbList","@id":"https:\/\/lavetonia.com\/preguntas-frecuentes\/#breadcrumb","itemListElement":[{"@type":"ListItem","position":1,"name":"Portada","item":"https:\/\/aliceblue-mule-324162.hostingersite.com\/"},{"@type":"ListItem","position":2,"name":"Preguntas frecuentes"}]},{"@type":"WebSite","@id":"https:\/\/aliceblue-mule-324162.hostingersite.com\/#website","url":"https:\/\/aliceblue-mule-324162.hostingersite.com\/","name":"Lavetonia","description":"","publisher":{"@id":"https:\/\/aliceblue-mule-324162.hostingersite.com\/#organization"},"potentialAction":[{"@type":"SearchAction","target":{"@type":"EntryPoint","urlTemplate":"https:\/\/aliceblue-mule-324162.hostingersite.com\/?s={search_term_string}"},"query-input":{"@type":"PropertyValueSpecification","valueRequired":true,"valueName":"search_term_string"}}],"inLanguage":"en-GB"},{"@type":"Organization","@id":"https:\/\/aliceblue-mule-324162.hostingersite.com\/#organization","name":"Lavetonia","url":"https:\/\/aliceblue-mule-324162.hostingersite.com\/","logo":{"@type":"ImageObject","inLanguage":"en-GB","@id":"https:\/\/aliceblue-mule-324162.hostingersite.com\/#\/schema\/logo\/image\/","url":"https:\/\/lavetonia.com\/wp-content\/uploads\/2024\/09\/lavetonia-retinax.png","contentUrl":"https:\/\/lavetonia.com\/wp-content\/uploads\/2024\/09\/lavetonia-retinax.png","width":340,"height":140,"caption":"Lavetonia"},"image":{"@id":"https:\/\/aliceblue-mule-324162.hostingersite.com\/#\/schema\/logo\/image\/"}}]}},"_links":{"self":[{"href":"https:\/\/lavetonia.com\/en\/wp-json\/wp\/v2\/pages\/605","targetHints":{"allow":["GET"]}}],"collection":[{"href":"https:\/\/lavetonia.com\/en\/wp-json\/wp\/v2\/pages"}],"about":[{"href":"https:\/\/lavetonia.com\/en\/wp-json\/wp\/v2\/types\/page"}],"author":[{"embeddable":true,"href":"https:\/\/lavetonia.com\/en\/wp-json\/wp\/v2\/users\/1"}],"replies":[{"embeddable":true,"href":"https:\/\/lavetonia.com\/en\/wp-json\/wp\/v2\/comments?post=605"}],"version-history":[{"count":52,"href":"https:\/\/lavetonia.com\/en\/wp-json\/wp\/v2\/pages\/605\/revisions"}],"predecessor-version":[{"id":3146,"href":"https:\/\/lavetonia.com\/en\/wp-json\/wp\/v2\/pages\/605\/revisions\/3146"}],"wp:attachment":[{"href":"https:\/\/lavetonia.com\/en\/wp-json\/wp\/v2\/media?parent=605"}],"curies":[{"name":"wp","href":"https:\/\/api.w.org\/{rel}","templated":true}]}}