{"id":653,"date":"2024-06-09T16:16:25","date_gmt":"2024-06-09T14:16:25","guid":{"rendered":"https:\/\/lavetonia.com\/?page_id=653"},"modified":"2025-10-17T17:23:43","modified_gmt":"2025-10-17T15:23:43","slug":"servicios","status":"publish","type":"page","link":"https:\/\/lavetonia.com\/en\/servicios\/","title":{"rendered":"Services"},"content":{"rendered":"<div class=\"gb-container gb-container-513b6ddc alignfull\">\n<div class=\"gb-container gb-container-483035af\">\n\n<div class=\"wp-block-ab-animate\" data-scroll-class=\"fadeInDown\">\n<h1 class=\"gb-headline gb-headline-5355bb04 gb-headline-text\"><em>experiences <mark style=\"background-color:rgba(0, 0, 0, 0)\" class=\"has-inline-color has-global-color-11-color\">Gastronomic<\/mark><\/em><\/h1>\n\n\n\n<p class=\"gb-headline gb-headline-8750258a gb-headline-text\">\u00a1Barriguita llena, coraz\u00f3n contento!<br>And if the journey is made of toasts, soulful recipes, and liquid landscapes, even better.<br>That\u2019s Lavetonia: experiences that taste of destination. Come hungry for travel\u2026 and thirsty for curiosity.<\/p>\n<\/div>\n\n<\/div>\n<\/div>\n\n<div class=\"gb-container gb-container-1aea29ad alignfull\">\n<div class=\"gb-container gb-container-1623e584\">\n<div class=\"gb-container gb-container-406d31a0\">\n<div class=\"gb-grid-wrapper gb-grid-wrapper-4c3f08af\">\n<div class=\"gb-grid-column gb-grid-column-3ee475a6\"><div class=\"gb-container gb-container-3ee475a6\">\n\n<h2 class=\"gb-headline gb-headline-3651fa06 gb-headline-text\"><em>Unique wine tasting experiences in Salamanca.<\/em><\/h2>\n\n<\/div><\/div>\n\n<div class=\"gb-grid-column gb-grid-column-e9f6f9af\"><div class=\"gb-container gb-container-e9f6f9af\">\n\n<p class=\"gb-headline gb-headline-c68a04de gb-headline-text\">For those visiting the city looking for more than just monuments \u2014 spice up your trip!<\/p>\n\n<\/div><\/div>\n<\/div>\n<\/div>\n\n<div class=\"gb-container gb-container-8396f800\">\n\n<div class=\"gb-grid-wrapper gb-grid-wrapper-6bf8e78c gb-query-loop-wrapper\">\n<div class=\"gb-grid-column gb-grid-column-96654eb7 gb-query-loop-item post-638 experiencia type-experiencia status-publish has-post-thumbnail hentry para-quien-agencias para-quien-grupos tipo-catas ubicacion-salamanca\"><div class=\"gb-container gb-container-96654eb7\" style=\"--background-image: url(https:\/\/lavetonia.com\/wp-content\/uploads\/2024\/06\/vinos-salmantinos.jpg);\"><a class=\"gb-container-link\" href=\"https:\/\/lavetonia.com\/en\/experiencia\/cata-vinos-salamanca\/\"><\/a>\n<div class=\"gb-container gb-container-49e5cf40\">\n<h3 class=\"gb-headline gb-headline-0a7be2e1 gb-headline-text\">Salamanca Wine Tasting<\/h3>\n\n<p class=\"gb-headline gb-headline-3f1f2e85 gb-headline-text\">Descubre los vinos m\u00e1s peculiares y desconocidos del oeste salmantino.<\/p>\n\n\n<span class=\"gb-button gb-button-b160bc16 gb-button-text\">Descubre<\/span>\n\n<\/div>\n<\/div><\/div>\n\n<div class=\"gb-grid-column gb-grid-column-96654eb7 gb-query-loop-item post-716 experiencia type-experiencia status-publish has-post-thumbnail hentry para-quien-agencias para-quien-grupos tipo-catas tipo-planes-alrededor-de-la-mesa ubicacion-madrid ubicacion-salamanca\"><div class=\"gb-container gb-container-96654eb7\" style=\"--background-image: url(https:\/\/lavetonia.com\/wp-content\/uploads\/2024\/06\/RIV0247-ESPUMOSOS-scaled.jpg);\"><a class=\"gb-container-link\" href=\"https:\/\/lavetonia.com\/en\/experiencia\/vinos-espumosos\/\"><\/a>\n<div class=\"gb-container gb-container-49e5cf40\">\n<h3 class=\"gb-headline gb-headline-0a7be2e1 gb-headline-text\">Sparkling Wines<\/h3>\n\n<p class=\"gb-headline gb-headline-3f1f2e85 gb-headline-text\">!Sin burbujas no hay fiesta! Brindemos por la vida.<\/p>\n\n\n<span class=\"gb-button gb-button-b160bc16 gb-button-text\">Descubre<\/span>\n\n<\/div>\n<\/div><\/div>\n<\/div>\n\n<\/div>\n<\/div>\n\n<div class=\"gb-container gb-container-6272505a\">\n<div class=\"gb-container gb-container-91d1a9f5\">\n<div class=\"gb-container gb-container-79811f98\">\n\n<h2 class=\"gb-headline gb-headline-ad971f15 gb-headline-text\"><em>Tailored wine tasting experiences in Salamanca \u2014 perfect for groups, <mark style=\"background-color:rgba(0, 0, 0, 0)\" class=\"has-inline-color has-global-color-11-color\">, corporate events, and travel agencies.<\/mark><\/em><\/h2>\n\n\n\n<div class=\"gb-headline gb-headline-31d4bfc9 gb-headline-text\">Endless meetings? Same old plans? Not here.<br><br><strong>If you're a travel agency, ,<\/strong>offer your clients something exclusive \u2014 with local soul and no scripts.<br><strong>If you're a company,<\/strong>strengthen team bonds, celebrate achievements, or impress your clients.<br><strong>If you're travelling as a group,<\/strong> go at your own pace, embrace the unexpected, and connect through what truly matters.<br><br><\/div>\n\n<\/div>\n\n<div class=\"gb-container gb-container-8a216618\">\n\n<a class=\"gb-button gb-button-5642ca7c gb-button-text\" href=\"https:\/\/lavetonia.com\/en\/contacto\/\">I\u2019d like more information for groups or travel agencies.<\/a>\n\n<\/div>\n<\/div>\n\n\n<div class=\"gb-element-96189775\">\n<div class=\"gb-grid-wrapper gb-grid-wrapper-6bf8e78c gb-query-loop-wrapper\">\n<div class=\"gb-grid-column gb-grid-column-96654eb7 gb-query-loop-item post-1213 experiencia type-experiencia status-publish has-post-thumbnail hentry para-quien-agencias para-quien-grupos tipo-planes-alrededor-de-la-mesa ubicacion-madrid ubicacion-salamanca\"><div class=\"gb-container gb-container-96654eb7\" style=\"--background-image: url(https:\/\/lavetonia.com\/wp-content\/uploads\/2024\/06\/lavetonia-catas-de-vino.jpg);\"><a class=\"gb-container-link\" href=\"https:\/\/lavetonia.com\/en\/experiencia\/maridaje-y-conceptos\/\"><\/a>\n<div class=\"gb-container gb-container-49e5cf40\">\n<h3 class=\"gb-headline gb-headline-0a7be2e1 gb-headline-text\">Pairing and concepts<\/h3>\n\n<p class=\"gb-headline gb-headline-3f1f2e85 gb-headline-text\">La sinergia es el comienzo de algo realmente bonito, donde las ideas se fusionan para crear doble valor.<\/p>\n\n\n<span class=\"gb-button gb-button-b160bc16 gb-button-text\">Descubre<\/span>\n\n<\/div>\n<\/div><\/div>\n\n<div class=\"gb-grid-column gb-grid-column-96654eb7 gb-query-loop-item post-1200 experiencia type-experiencia status-publish has-post-thumbnail hentry para-quien-agencias tipo-planes-alrededor-de-la-mesa ubicacion-madrid\"><div class=\"gb-container gb-container-96654eb7\" style=\"--background-image: url(https:\/\/lavetonia.com\/wp-content\/uploads\/2024\/10\/Colaboracion-my-Fest.png);\"><a class=\"gb-container-link\" href=\"https:\/\/lavetonia.com\/en\/experiencia\/perfumes-y-vinos\/\"><\/a>\n<div class=\"gb-container gb-container-49e5cf40\">\n<h3 class=\"gb-headline gb-headline-0a7be2e1 gb-headline-text\">Perfumes and Wines<\/h3>\n\n<p class=\"gb-headline gb-headline-3f1f2e85 gb-headline-text\">Dos mundos no tan diferentes, conecta el aroma del vino con la fragancia de tu perfume.<\/p>\n\n\n<span class=\"gb-button gb-button-b160bc16 gb-button-text\">Descubre<\/span>\n\n<\/div>\n<\/div><\/div>\n\n<div class=\"gb-grid-column gb-grid-column-96654eb7 gb-query-loop-item post-638 experiencia type-experiencia status-publish has-post-thumbnail hentry para-quien-agencias para-quien-grupos tipo-catas ubicacion-salamanca\"><div class=\"gb-container gb-container-96654eb7\" style=\"--background-image: url(https:\/\/lavetonia.com\/wp-content\/uploads\/2024\/06\/vinos-salmantinos.jpg);\"><a class=\"gb-container-link\" href=\"https:\/\/lavetonia.com\/en\/experiencia\/cata-vinos-salamanca\/\"><\/a>\n<div class=\"gb-container gb-container-49e5cf40\">\n<h3 class=\"gb-headline gb-headline-0a7be2e1 gb-headline-text\">Salamanca Wine Tasting<\/h3>\n\n<p class=\"gb-headline gb-headline-3f1f2e85 gb-headline-text\">Descubre los vinos m\u00e1s peculiares y desconocidos del oeste salmantino.<\/p>\n\n\n<span class=\"gb-button gb-button-b160bc16 gb-button-text\">Descubre<\/span>\n\n<\/div>\n<\/div><\/div>\n\n<div class=\"gb-grid-column gb-grid-column-96654eb7 gb-query-loop-item post-805 experiencia type-experiencia status-publish has-post-thumbnail hentry para-quien-agencias para-quien-grupos tipo-planes-alrededor-de-la-mesa ubicacion-salamanca\"><div class=\"gb-container gb-container-96654eb7\" style=\"--background-image: url(https:\/\/lavetonia.com\/wp-content\/uploads\/2024\/06\/RIV0242_CANELA-scaled.jpg);\"><a class=\"gb-container-link\" href=\"https:\/\/lavetonia.com\/en\/experiencia\/taller-crea-tu-propio-vermut\/\"><\/a>\n<div class=\"gb-container gb-container-49e5cf40\">\n<h3 class=\"gb-headline gb-headline-0a7be2e1 gb-headline-text\">Create Your Own Vermouth Workshop<\/h3>\n\n<p class=\"gb-headline gb-headline-3f1f2e85 gb-headline-text\">Crea la mezcla perfecta para hacer la mejor versi\u00f3n de tu verm\u00fa.<\/p>\n\n\n<span class=\"gb-button gb-button-b160bc16 gb-button-text\">Descubre<\/span>\n\n<\/div>\n<\/div><\/div>\n\n<div class=\"gb-grid-column gb-grid-column-96654eb7 gb-query-loop-item post-799 experiencia type-experiencia status-publish has-post-thumbnail hentry para-quien-agencias para-quien-grupos tipo-planes-alrededor-de-la-mesa ubicacion-salamanca\"><div class=\"gb-container gb-container-96654eb7\" style=\"--background-image: url(https:\/\/lavetonia.com\/wp-content\/uploads\/2024\/06\/ingredientes-sobre-la-mesa-rotated.jpg);\"><a class=\"gb-container-link\" href=\"https:\/\/lavetonia.com\/en\/experiencia\/cocina-y-cata\/\"><\/a>\n<div class=\"gb-container gb-container-49e5cf40\">\n<h3 class=\"gb-headline gb-headline-0a7be2e1 gb-headline-text\">Cooking and Tasting<\/h3>\n\n<p class=\"gb-headline gb-headline-3f1f2e85 gb-headline-text\">Disfrutar de una velada de cocinar mientras te cuentan curiosidades vin\u00edcolas, es posible.<\/p>\n\n\n<span class=\"gb-button gb-button-b160bc16 gb-button-text\">Descubre<\/span>\n\n<\/div>\n<\/div><\/div>\n\n<div class=\"gb-grid-column gb-grid-column-96654eb7 gb-query-loop-item post-723 experiencia type-experiencia status-publish has-post-thumbnail hentry para-quien-agencias tipo-planes-alrededor-de-la-mesa ubicacion-salamanca\"><div class=\"gb-container gb-container-96654eb7\" style=\"--background-image: url(https:\/\/lavetonia.com\/wp-content\/uploads\/2024\/06\/sake.jpg);\"><a class=\"gb-container-link\" href=\"https:\/\/lavetonia.com\/en\/experiencia\/sake\/\"><\/a>\n<div class=\"gb-container gb-container-49e5cf40\">\n<h3 class=\"gb-headline gb-headline-0a7be2e1 gb-headline-text\">Sake<\/h3>\n\n<p class=\"gb-headline gb-headline-3f1f2e85 gb-headline-text\">Esto no es orujo, es la fascinante bebida del Sol Naciente.<\/p>\n\n\n<span class=\"gb-button gb-button-b160bc16 gb-button-text\">Descubre<\/span>\n\n<\/div>\n<\/div><\/div>\n\n<div class=\"gb-grid-column gb-grid-column-96654eb7 gb-query-loop-item post-720 experiencia type-experiencia status-publish has-post-thumbnail hentry para-quien-agencias tipo-catas ubicacion-madrid ubicacion-salamanca\"><div class=\"gb-container gb-container-96654eb7\" style=\"--background-image: url(https:\/\/lavetonia.com\/wp-content\/uploads\/2024\/06\/carne-calabaza-cocinita-scaled.jpg);\"><a class=\"gb-container-link\" href=\"https:\/\/lavetonia.com\/en\/experiencia\/un-paseo-por-los-vinedos-espanoles\/\"><\/a>\n<div class=\"gb-container gb-container-49e5cf40\">\n<h3 class=\"gb-headline gb-headline-0a7be2e1 gb-headline-text\">A Walk Through Spanish Vineyards<\/h3>\n\n<p class=\"gb-headline gb-headline-3f1f2e85 gb-headline-text\">Descubre la Espa\u00f1a vin\u00edcola m\u00e1s autentica en un paseo corto pero intenso.<\/p>\n\n\n<span class=\"gb-button gb-button-b160bc16 gb-button-text\">Descubre<\/span>\n\n<\/div>\n<\/div><\/div>\n\n<div class=\"gb-grid-column gb-grid-column-96654eb7 gb-query-loop-item post-716 experiencia type-experiencia status-publish has-post-thumbnail hentry para-quien-agencias para-quien-grupos tipo-catas tipo-planes-alrededor-de-la-mesa ubicacion-madrid ubicacion-salamanca\"><div class=\"gb-container gb-container-96654eb7\" style=\"--background-image: url(https:\/\/lavetonia.com\/wp-content\/uploads\/2024\/06\/RIV0247-ESPUMOSOS-scaled.jpg);\"><a class=\"gb-container-link\" href=\"https:\/\/lavetonia.com\/en\/experiencia\/vinos-espumosos\/\"><\/a>\n<div class=\"gb-container gb-container-49e5cf40\">\n<h3 class=\"gb-headline gb-headline-0a7be2e1 gb-headline-text\">Sparkling Wines<\/h3>\n\n<p class=\"gb-headline gb-headline-3f1f2e85 gb-headline-text\">!Sin burbujas no hay fiesta! Brindemos por la vida.<\/p>\n\n\n<span class=\"gb-button gb-button-b160bc16 gb-button-text\">Descubre<\/span>\n\n<\/div>\n<\/div><\/div>\n\n<div class=\"gb-grid-column gb-grid-column-96654eb7 gb-query-loop-item post-713 experiencia type-experiencia status-publish has-post-thumbnail hentry para-quien-agencias para-quien-grupos tipo-planes-alrededor-de-la-mesa ubicacion-madrid\"><div class=\"gb-container gb-container-96654eb7\" style=\"--background-image: url(https:\/\/lavetonia.com\/wp-content\/uploads\/2024\/06\/salute-scaled.jpg);\"><a class=\"gb-container-link\" href=\"https:\/\/lavetonia.com\/en\/experiencia\/trotamundos\/\"><\/a>\n<div class=\"gb-container gb-container-49e5cf40\">\n<h3 class=\"gb-headline gb-headline-0a7be2e1 gb-headline-text\">Globetrotter Wines<\/h3>\n\n<p class=\"gb-headline gb-headline-3f1f2e85 gb-headline-text\">!Viaja sin maletas!\nGira la bola del mundo y se\u00f1ala que vino te apetece a catar<\/p>\n\n\n<span class=\"gb-button gb-button-b160bc16 gb-button-text\">Descubre<\/span>\n\n<\/div>\n<\/div><\/div>\n\n<div class=\"gb-grid-column gb-grid-column-96654eb7 gb-query-loop-item post-642 experiencia type-experiencia status-publish has-post-thumbnail hentry para-quien-agencias para-quien-grupos tipo-planes-alrededor-de-la-mesa ubicacion-madrid ubicacion-salamanca\"><div class=\"gb-container gb-container-96654eb7\" style=\"--background-image: url(https:\/\/lavetonia.com\/wp-content\/uploads\/2024\/06\/vinos-mujeres-1-scaled.jpg);\"><a class=\"gb-container-link\" href=\"https:\/\/lavetonia.com\/en\/experiencia\/vinos-de-mujeres-vinicolas\/\"><\/a>\n<div class=\"gb-container gb-container-49e5cf40\">\n<h3 class=\"gb-headline gb-headline-0a7be2e1 gb-headline-text\">Wines crafted by women in wine<\/h3>\n\n<p class=\"gb-headline gb-headline-3f1f2e85 gb-headline-text\">Un gui\u00f1o a todas las mujeres viticultoras. <\/p>\n\n\n<span class=\"gb-button gb-button-b160bc16 gb-button-text\">Descubre<\/span>\n\n<\/div>\n<\/div><\/div>\n\n<div class=\"gb-grid-column gb-grid-column-96654eb7 gb-query-loop-item post-655 experiencia type-experiencia status-publish has-post-thumbnail hentry para-quien-agencias tipo-planes-alrededor-de-la-mesa ubicacion-madrid\"><div class=\"gb-container gb-container-96654eb7\" style=\"--background-image: url(https:\/\/lavetonia.com\/wp-content\/uploads\/2024\/06\/baco.jpg);\"><a class=\"gb-container-link\" href=\"https:\/\/lavetonia.com\/en\/experiencia\/arte-y-vino\/\"><\/a>\n<div class=\"gb-container gb-container-49e5cf40\">\n<h3 class=\"gb-headline gb-headline-0a7be2e1 gb-headline-text\">Art and wine<\/h3>\n\n<p class=\"gb-headline gb-headline-3f1f2e85 gb-headline-text\">Baco no es quien dice ser, te lo contamos en la experiencia \u00abArte y Vino\u00bb.<\/p>\n\n\n<span class=\"gb-button gb-button-b160bc16 gb-button-text\">Descubre<\/span>\n\n<\/div>\n<\/div><\/div>\n<\/div>\n<\/div>\n\n<\/div>\n\n<div class=\"gb-container gb-container-73479461\">\n<div class=\"gb-container gb-container-72f72292\">\n<div class=\"gb-grid-wrapper gb-grid-wrapper-9fe33600\">\n<div class=\"gb-grid-column gb-grid-column-2da5cb8d\"><div class=\"gb-container gb-container-2da5cb8d\">\n\n<h2 class=\"gb-headline gb-headline-1f4a0407 gb-headline-text\"><em>Bespoke wine tourism<\/em><\/h2>\n\n<\/div><\/div>\n\n<div class=\"gb-grid-column gb-grid-column-d134ceff\"><div class=\"gb-container gb-container-d134ceff\">\n\n<p class=\"gb-headline gb-headline-c3045400 gb-headline-text\">A great journey begins at the table \u2014 with a well-served glass, the right pairing, and key insights to make the most of your destination.<\/p>\n\n<\/div><\/div>\n<\/div>\n<\/div>\n\n<div class=\"gb-container gb-container-49608b8b\">\n\n<div class=\"gb-grid-wrapper gb-grid-wrapper-7b5730b8 gb-query-loop-wrapper\">\n<div class=\"gb-grid-column gb-grid-column-b455fe0f gb-query-loop-item post-807 experiencia type-experiencia status-publish has-post-thumbnail hentry tipo-a-la-carta\"><div class=\"gb-container gb-container-b455fe0f\" style=\"--background-image: url(https:\/\/lavetonia.com\/wp-content\/uploads\/2024\/06\/corcho-scaled.jpeg);\"><a class=\"gb-container-link\" href=\"https:\/\/lavetonia.com\/en\/experiencia\/asesoramiento-en-materia-de-turismo-enologico\/\"><\/a>\n<div class=\"gb-container gb-container-c438cdae\">\n<h3 class=\"gb-headline gb-headline-4ca63fb2 gb-headline-text\">Wine Tourism Consultancy<\/h3>\n\n<p class=\"gb-headline gb-headline-12699523 gb-headline-text\">Te propongo ideas para condimentar el destinos de tus viajeros.<\/p>\n\n\n<span class=\"gb-button gb-button-241a6a90 gb-button-text\">Descubre<\/span>\n\n<\/div>\n<\/div><\/div>\n\n<div class=\"gb-grid-column gb-grid-column-b455fe0f gb-query-loop-item post-766 experiencia type-experiencia status-publish has-post-thumbnail hentry tipo-a-la-carta\"><div class=\"gb-container gb-container-b455fe0f\" style=\"--background-image: url(https:\/\/lavetonia.com\/wp-content\/uploads\/2024\/06\/pexels-rodnae-productions-8963450-scaled.jpg);\"><a class=\"gb-container-link\" href=\"https:\/\/lavetonia.com\/en\/experiencia\/apoyo-en-operativa-turistica\/\"><\/a>\n<div class=\"gb-container gb-container-c438cdae\">\n<h3 class=\"gb-headline gb-headline-4ca63fb2 gb-headline-text\">Support with tourism operations<\/h3>\n\n<p class=\"gb-headline gb-headline-12699523 gb-headline-text\">Te brindo mi ayuda si necesitas como agencia un respiro, siempre es positivo que te echen una mano.<\/p>\n\n\n<span class=\"gb-button gb-button-241a6a90 gb-button-text\">Descubre<\/span>\n\n<\/div>\n<\/div><\/div>\n<\/div>\n\n<\/div>\n<\/div>\n<\/div>","protected":false},"excerpt":{"rendered":"","protected":false},"author":1,"featured_media":0,"parent":0,"menu_order":0,"comment_status":"closed","ping_status":"closed","template":"","meta":{"_acf_changed":false,"inline_featured_image":false,"footnotes":""},"class_list":["post-653","page","type-page","status-publish"],"acf":[],"yoast_head":"<!-- This site is optimized with the Yoast SEO Premium plugin v22.8 (Yoast SEO v26.3) - https:\/\/yoast.com\/wordpress\/plugins\/seo\/ -->\n<title>Servicios - Lavetonia<\/title>\n<meta name=\"robots\" content=\"index, follow, max-snippet:-1, max-image-preview:large, max-video-preview:-1\" \/>\n<link rel=\"canonical\" href=\"https:\/\/lavetonia.com\/en\/servicios\/\" \/>\n<meta property=\"og:locale\" content=\"en_GB\" \/>\n<meta property=\"og:type\" content=\"article\" \/>\n<meta property=\"og:title\" content=\"Servicios\" \/>\n<meta property=\"og:url\" content=\"https:\/\/lavetonia.com\/en\/servicios\/\" \/>\n<meta property=\"og:site_name\" content=\"Lavetonia\" \/>\n<meta property=\"article:modified_time\" content=\"2025-10-17T15:23:43+00:00\" \/>\n<meta name=\"twitter:card\" content=\"summary_large_image\" \/>\n<meta name=\"twitter:label1\" content=\"Estimated reading time\" \/>\n\t<meta name=\"twitter:data1\" content=\"1 minute\" \/>\n<script type=\"application\/ld+json\" class=\"yoast-schema-graph\">{\"@context\":\"https:\/\/schema.org\",\"@graph\":[{\"@type\":\"WebPage\",\"@id\":\"https:\/\/lavetonia.com\/en\/servicios\/\",\"url\":\"https:\/\/lavetonia.com\/en\/servicios\/\",\"name\":\"Servicios - Lavetonia\",\"isPartOf\":{\"@id\":\"https:\/\/aliceblue-mule-324162.hostingersite.com\/#website\"},\"datePublished\":\"2024-06-09T14:16:25+00:00\",\"dateModified\":\"2025-10-17T15:23:43+00:00\",\"breadcrumb\":{\"@id\":\"https:\/\/lavetonia.com\/en\/servicios\/#breadcrumb\"},\"inLanguage\":\"en-GB\",\"potentialAction\":[{\"@type\":\"ReadAction\",\"target\":[\"https:\/\/lavetonia.com\/en\/servicios\/\"]}]},{\"@type\":\"BreadcrumbList\",\"@id\":\"https:\/\/lavetonia.com\/en\/servicios\/#breadcrumb\",\"itemListElement\":[{\"@type\":\"ListItem\",\"position\":1,\"name\":\"Portada\",\"item\":\"https:\/\/aliceblue-mule-324162.hostingersite.com\/\"},{\"@type\":\"ListItem\",\"position\":2,\"name\":\"Servicios\"}]},{\"@type\":\"WebSite\",\"@id\":\"https:\/\/aliceblue-mule-324162.hostingersite.com\/#website\",\"url\":\"https:\/\/aliceblue-mule-324162.hostingersite.com\/\",\"name\":\"Lavetonia\",\"description\":\"\",\"publisher\":{\"@id\":\"https:\/\/aliceblue-mule-324162.hostingersite.com\/#organization\"},\"potentialAction\":[{\"@type\":\"SearchAction\",\"target\":{\"@type\":\"EntryPoint\",\"urlTemplate\":\"https:\/\/aliceblue-mule-324162.hostingersite.com\/?s={search_term_string}\"},\"query-input\":{\"@type\":\"PropertyValueSpecification\",\"valueRequired\":true,\"valueName\":\"search_term_string\"}}],\"inLanguage\":\"en-GB\"},{\"@type\":\"Organization\",\"@id\":\"https:\/\/aliceblue-mule-324162.hostingersite.com\/#organization\",\"name\":\"Lavetonia\",\"url\":\"https:\/\/aliceblue-mule-324162.hostingersite.com\/\",\"logo\":{\"@type\":\"ImageObject\",\"inLanguage\":\"en-GB\",\"@id\":\"https:\/\/aliceblue-mule-324162.hostingersite.com\/#\/schema\/logo\/image\/\",\"url\":\"https:\/\/lavetonia.com\/wp-content\/uploads\/2024\/09\/lavetonia-retinax.png\",\"contentUrl\":\"https:\/\/lavetonia.com\/wp-content\/uploads\/2024\/09\/lavetonia-retinax.png\",\"width\":340,\"height\":140,\"caption\":\"Lavetonia\"},\"image\":{\"@id\":\"https:\/\/aliceblue-mule-324162.hostingersite.com\/#\/schema\/logo\/image\/\"}}]}<\/script>\n<!-- \/ Yoast SEO Premium plugin. -->","yoast_head_json":{"title":"Servicios - Lavetonia","robots":{"index":"index","follow":"follow","max-snippet":"max-snippet:-1","max-image-preview":"max-image-preview:large","max-video-preview":"max-video-preview:-1"},"canonical":"https:\/\/lavetonia.com\/en\/servicios\/","og_locale":"en_GB","og_type":"article","og_title":"Servicios","og_url":"https:\/\/lavetonia.com\/en\/servicios\/","og_site_name":"Lavetonia","article_modified_time":"2025-10-17T15:23:43+00:00","twitter_card":"summary_large_image","twitter_misc":{"Estimated reading time":"1 minute"},"schema":{"@context":"https:\/\/schema.org","@graph":[{"@type":"WebPage","@id":"https:\/\/lavetonia.com\/en\/servicios\/","url":"https:\/\/lavetonia.com\/en\/servicios\/","name":"Servicios - Lavetonia","isPartOf":{"@id":"https:\/\/aliceblue-mule-324162.hostingersite.com\/#website"},"datePublished":"2024-06-09T14:16:25+00:00","dateModified":"2025-10-17T15:23:43+00:00","breadcrumb":{"@id":"https:\/\/lavetonia.com\/en\/servicios\/#breadcrumb"},"inLanguage":"en-GB","potentialAction":[{"@type":"ReadAction","target":["https:\/\/lavetonia.com\/en\/servicios\/"]}]},{"@type":"BreadcrumbList","@id":"https:\/\/lavetonia.com\/en\/servicios\/#breadcrumb","itemListElement":[{"@type":"ListItem","position":1,"name":"Portada","item":"https:\/\/aliceblue-mule-324162.hostingersite.com\/"},{"@type":"ListItem","position":2,"name":"Servicios"}]},{"@type":"WebSite","@id":"https:\/\/aliceblue-mule-324162.hostingersite.com\/#website","url":"https:\/\/aliceblue-mule-324162.hostingersite.com\/","name":"Lavetonia","description":"","publisher":{"@id":"https:\/\/aliceblue-mule-324162.hostingersite.com\/#organization"},"potentialAction":[{"@type":"SearchAction","target":{"@type":"EntryPoint","urlTemplate":"https:\/\/aliceblue-mule-324162.hostingersite.com\/?s={search_term_string}"},"query-input":{"@type":"PropertyValueSpecification","valueRequired":true,"valueName":"search_term_string"}}],"inLanguage":"en-GB"},{"@type":"Organization","@id":"https:\/\/aliceblue-mule-324162.hostingersite.com\/#organization","name":"Lavetonia","url":"https:\/\/aliceblue-mule-324162.hostingersite.com\/","logo":{"@type":"ImageObject","inLanguage":"en-GB","@id":"https:\/\/aliceblue-mule-324162.hostingersite.com\/#\/schema\/logo\/image\/","url":"https:\/\/lavetonia.com\/wp-content\/uploads\/2024\/09\/lavetonia-retinax.png","contentUrl":"https:\/\/lavetonia.com\/wp-content\/uploads\/2024\/09\/lavetonia-retinax.png","width":340,"height":140,"caption":"Lavetonia"},"image":{"@id":"https:\/\/aliceblue-mule-324162.hostingersite.com\/#\/schema\/logo\/image\/"}}]}},"_links":{"self":[{"href":"https:\/\/lavetonia.com\/en\/wp-json\/wp\/v2\/pages\/653","targetHints":{"allow":["GET"]}}],"collection":[{"href":"https:\/\/lavetonia.com\/en\/wp-json\/wp\/v2\/pages"}],"about":[{"href":"https:\/\/lavetonia.com\/en\/wp-json\/wp\/v2\/types\/page"}],"author":[{"embeddable":true,"href":"https:\/\/lavetonia.com\/en\/wp-json\/wp\/v2\/users\/1"}],"replies":[{"embeddable":true,"href":"https:\/\/lavetonia.com\/en\/wp-json\/wp\/v2\/comments?post=653"}],"version-history":[{"count":26,"href":"https:\/\/lavetonia.com\/en\/wp-json\/wp\/v2\/pages\/653\/revisions"}],"predecessor-version":[{"id":2642,"href":"https:\/\/lavetonia.com\/en\/wp-json\/wp\/v2\/pages\/653\/revisions\/2642"}],"wp:attachment":[{"href":"https:\/\/lavetonia.com\/en\/wp-json\/wp\/v2\/media?parent=653"}],"curies":[{"name":"wp","href":"https:\/\/api.w.org\/{rel}","templated":true}]}}